{"id":568,"date":"2021-10-03T23:03:22","date_gmt":"2021-10-04T02:03:22","guid":{"rendered":"https:\/\/creditosconfianca.com.br\/?page_id=568"},"modified":"2022-04-29T16:18:03","modified_gmt":"2022-04-29T19:18:03","slug":"consorcio-renault","status":"publish","type":"page","link":"https:\/\/creditosconfianca.com.br\/index.php\/consorcio-renault\/","title":{"rendered":"Cons\u00f3rcio Renault"},"content":{"rendered":"<p>[et_pb_section fb_built=&#8221;1&#8243; _builder_version=&#8221;4.11.1&#8243; _module_preset=&#8221;default&#8221; bottom_divider_style=&#8221;asymmetric2&#8243; bottom_divider_color=&#8221;#232645&#8243; bottom_divider_flip=&#8221;horizontal&#8221; global_colors_info=&#8221;{}&#8221; theme_builder_area=&#8221;post_content&#8221;][et_pb_row column_structure=&#8221;3_5,2_5&#8243; custom_padding_last_edited=&#8221;on|desktop&#8221; _builder_version=&#8221;4.13.1&#8243; _module_preset=&#8221;default&#8221; custom_margin_tablet=&#8221;0px||||false|false&#8221; custom_margin_phone=&#8221;0px||||false|false&#8221; custom_margin_last_edited=&#8221;on|phone&#8221; custom_padding_tablet=&#8221;0px||||false|false&#8221; custom_padding_phone=&#8221;0px||||false|false&#8221; global_colors_info=&#8221;{}&#8221; theme_builder_area=&#8221;post_content&#8221;][et_pb_column type=&#8221;3_5&#8243; _builder_version=&#8221;4.11.1&#8243; _module_preset=&#8221;default&#8221; global_colors_info=&#8221;{}&#8221; theme_builder_area=&#8221;post_content&#8221;][et_pb_image src=&#8221;https:\/\/creditosconfianca.com.br\/wp-content\/uploads\/2021\/10\/logo-renault-e1633313762590.jpg&#8221; title_text=&#8221;logo-renault&#8221; align=&#8221;center&#8221; _builder_version=&#8221;4.13.1&#8243; _module_preset=&#8221;default&#8221; width=&#8221;30%&#8221; width_tablet=&#8221;50%&#8221; width_phone=&#8221;80%&#8221; width_last_edited=&#8221;on|phone&#8221; global_colors_info=&#8221;{}&#8221; theme_builder_area=&#8221;post_content&#8221;][\/et_pb_image][et_pb_image src=&#8221;https:\/\/creditosconfianca.com.br\/wp-content\/uploads\/2022\/04\/carros-renault-624&#215;363-1.jpg&#8221; title_text=&#8221;carros-renault-624&#215;363&#8243; disabled_on=&#8221;on|on|off&#8221; _builder_version=&#8221;4.13.1&#8243; _module_preset=&#8221;default&#8221; global_colors_info=&#8221;{}&#8221; theme_builder_area=&#8221;post_content&#8221;][\/et_pb_image][et_pb_text disabled_on=&#8221;on|on|off&#8221; _builder_version=&#8221;4.11.1&#8243; _module_preset=&#8221;default&#8221; text_text_color=&#8221;#484848&#8243; global_colors_info=&#8221;{}&#8221; theme_builder_area=&#8221;post_content&#8221;]<\/p>\n<p>Condi\u00e7\u00f5es para que voc\u00ea possa realizar seu sonho de forma planejada e com seguran\u00e7a.<\/p>\n<p>Ideal para quem n\u00e3o tem pressa e quer investir no carro dos seus sonhos. Confira algumas das vantagens em comprar seu Renault pelo Cons\u00f3rcio:<\/p>\n<ul>\n<li style=\"list-style-type: none;\">\n<ul>\n<li style=\"list-style-type: none;\">\n<ul>\n<li>V\u00e1rias op\u00e7\u00f5es de planos: s\u00e3o v\u00e1rios planos para a compra do seu ve\u00edculo Renault sem pagar juros.<\/li>\n<\/ul>\n<\/li>\n<\/ul>\n<\/li>\n<\/ul>\n<ul>\n<li style=\"list-style-type: none;\">\n<ul>\n<li style=\"list-style-type: none;\">\n<ul>\n<li>Cr\u00e9dito como lance: Voc\u00ea pode utilizar at\u00e9 25% do valor do cr\u00e9dito para dar lance e comprar o seu ve\u00edculo antecipadamente.<\/li>\n<\/ul>\n<\/li>\n<\/ul>\n<\/li>\n<\/ul>\n<ul>\n<li style=\"list-style-type: none;\">\n<ul>\n<li style=\"list-style-type: none;\">\n<ul>\n<li>Garantia Renault: Comprar pelo cons\u00f3rcio \u00e9 uma op\u00e7\u00e3o de investimento inteligente e com garantia Renault.<\/li>\n<\/ul>\n<\/li>\n<\/ul>\n<\/li>\n<\/ul>\n<p>O Cons\u00f3rcio RCI Brasil possibilita um maior planejamento para todos aqueles que desejam investir na compra de um ve\u00edculo Renault. S\u00e3o oportunidades para quem n\u00e3o deseja pagar juros altos, podendo parcelar a sua compra por meio de um autofinanciamento.<\/p>\n<p>[\/et_pb_text][\/et_pb_column][et_pb_column type=&#8221;2_5&#8243; _builder_version=&#8221;4.11.1&#8243; _module_preset=&#8221;default&#8221; global_colors_info=&#8221;{}&#8221; theme_builder_area=&#8221;post_content&#8221;][et_pb_code module_id=&#8221;form-lead-renault&#8221; _builder_version=&#8221;4.13.1&#8243; _module_preset=&#8221;default&#8221; background_color=&#8221;#ffcc33&#8243; text_orientation=&#8221;center&#8221; width_tablet=&#8221;60%&#8221; width_phone=&#8221;100%&#8221; width_last_edited=&#8221;on|phone&#8221; custom_padding=&#8221;20px|20px|20px|20px|false|false&#8221; animation_style=&#8221;zoom&#8221; module_alignment_tablet=&#8221;center&#8221; module_alignment_phone=&#8221;&#8221; module_alignment_last_edited=&#8221;on|desktop&#8221; box_shadow_style=&#8221;preset4&#8243; global_colors_info=&#8221;{}&#8221; theme_builder_area=&#8221;post_content&#8221;]<\/p>\n<h2><!-- [et_pb_line_break_holder] -->  SIMULE AQUI O SEU CREDITO<!-- [et_pb_line_break_holder] --><\/h2>\n<p><!-- [et_pb_line_break_holder] --><div class=\"wpforms-container wpforms-container-full\" id=\"wpforms-814\"><form id=\"wpforms-form-814\" class=\"wpforms-validate wpforms-form wpforms-ajax-form\" data-formid=\"814\" method=\"post\" enctype=\"multipart\/form-data\" action=\"\/index.php\/wp-json\/wp\/v2\/pages\/568\" data-token=\"3466f4140e89990fec2ea6d256e7872f\"><noscript class=\"wpforms-error-noscript\">Ative o JavaScript no seu navegador para preencher este formul\u00e1rio.<\/noscript><div class=\"wpforms-field-container\"><div id=\"wpforms-814-field_1-container\" class=\"wpforms-field wpforms-field-select campos-form-lead wpforms-field-select-style-classic\" data-field-id=\"1\"><label class=\"wpforms-field-label wpforms-label-hide\" for=\"wpforms-814-field_1\">Tipo de cr\u00e9dito <span class=\"wpforms-required-label\">*<\/span><\/label><select id=\"wpforms-814-field_1\" class=\"wpforms-field-medium wpforms-field-required\" name=\"wpforms[fields][1]\" required=\"required\"><option value=\"\" class=\"placeholder\" disabled  selected='selected'>Tipo de Cr\u00e9dito<\/option><option value=\"Im\u00f3vel\" >Im\u00f3vel<\/option><option value=\"Autom\u00f3vel\" >Autom\u00f3vel<\/option><option value=\"Moto\" >Moto<\/option><option value=\"Caminh\u00e3o\" >Caminh\u00e3o<\/option><option value=\"Maquin\u00e1rio \" >Maquin\u00e1rio <\/option><option value=\"Capital Giro\" >Capital Giro<\/option><option value=\"Servi\u00e7os\" >Servi\u00e7os<\/option><\/select><\/div><div id=\"wpforms-814-field_2-container\" class=\"wpforms-field wpforms-field-name campos-form-lead\" data-field-id=\"2\"><label class=\"wpforms-field-label wpforms-label-hide\" for=\"wpforms-814-field_2\">Nome <span class=\"wpforms-required-label\">*<\/span><\/label><input type=\"text\" id=\"wpforms-814-field_2\" class=\"wpforms-field-medium wpforms-field-required\" name=\"wpforms[fields][2]\" placeholder=\"Nome Completo\" required><\/div><div id=\"wpforms-814-field_3-container\" class=\"wpforms-field wpforms-field-email campos-form-lead\" data-field-id=\"3\"><label class=\"wpforms-field-label wpforms-label-hide\" for=\"wpforms-814-field_3\">E-mail <span class=\"wpforms-required-label\">*<\/span><\/label><input type=\"email\" id=\"wpforms-814-field_3\" class=\"wpforms-field-medium wpforms-field-required\" name=\"wpforms[fields][3]\" placeholder=\"E-mail\" required><\/div><div id=\"wpforms-814-field_8-container\" class=\"wpforms-field wpforms-field-text campos-form-lead\" data-field-id=\"8\"><label class=\"wpforms-field-label wpforms-label-hide\" for=\"wpforms-814-field_8\">Telefone <span class=\"wpforms-required-label\">*<\/span><\/label><input type=\"text\" id=\"wpforms-814-field_8\" class=\"wpforms-field-medium wpforms-field-required wpforms-masked-input\" data-inputmask-mask=\"(99) 9999-9999[9]\" data-rule-empty-blanks=\"1\" name=\"wpforms[fields][8]\" placeholder=\"(00) 00000-0000\" required><\/div><div id=\"wpforms-814-field_9-container\" class=\"wpforms-field wpforms-field-text campos-form-lead\" data-field-id=\"9\"><label class=\"wpforms-field-label wpforms-label-hide\" for=\"wpforms-814-field_9\">Valor do Cr\u00e9dito <span class=\"wpforms-required-label\">*<\/span><\/label><input type=\"text\" id=\"wpforms-814-field_9\" class=\"wpforms-field-medium wpforms-field-required wpforms-masked-input\" data-inputmask-alias=\"currency\" name=\"wpforms[fields][9]\" placeholder=\"Valor do Cr\u00e9dito\" required><\/div><\/div><div class=\"wpforms-submit-container\"><input type=\"hidden\" name=\"wpforms[id]\" value=\"814\"><input type=\"hidden\" name=\"wpforms[author]\" value=\"1\"><button type=\"submit\" name=\"wpforms[submit]\" id=\"wpforms-submit-814\" class=\"wpforms-submit\" data-alt-text=\"Enviando...\" data-submit-text=\"Simular\" aria-live=\"assertive\" value=\"wpforms-submit\">Simular<\/button><img loading=\"lazy\" decoding=\"async\" src=\"https:\/\/creditosconfianca.com.br\/wp-content\/plugins\/wpforms\/assets\/images\/submit-spin.svg\" class=\"wpforms-submit-spinner\" style=\"display: none;\" width=\"26\" height=\"26\" alt=\"\"><\/div><\/form><\/div>  <!-- .wpforms-container -->[\/et_pb_code][\/et_pb_column][\/et_pb_row][et_pb_row disabled_on=&#8221;off|off|on&#8221; _builder_version=&#8221;4.11.1&#8243; _module_preset=&#8221;default&#8221; global_colors_info=&#8221;{}&#8221; theme_builder_area=&#8221;post_content&#8221;][et_pb_column type=&#8221;4_4&#8243; _builder_version=&#8221;4.11.1&#8243; _module_preset=&#8221;default&#8221; global_colors_info=&#8221;{}&#8221; theme_builder_area=&#8221;post_content&#8221;][et_pb_image src=&#8221;https:\/\/creditosconfianca.com.br\/wp-content\/uploads\/2022\/04\/carros-renault-624&#215;363-1.jpg&#8221; title_text=&#8221;carros-renault-624&#215;363-1&#8243; align=&#8221;center&#8221; _builder_version=&#8221;4.13.1&#8243; _module_preset=&#8221;default&#8221; global_colors_info=&#8221;{}&#8221; theme_builder_area=&#8221;post_content&#8221;][\/et_pb_image][et_pb_text _builder_version=&#8221;4.11.1&#8243; _module_preset=&#8221;default&#8221; text_text_color=&#8221;#484848&#8243; global_colors_info=&#8221;{}&#8221; theme_builder_area=&#8221;post_content&#8221;]<\/p>\n<p>Condi\u00e7\u00f5es para que voc\u00ea possa realizar seu sonho de forma planejada e com seguran\u00e7a.<\/p>\n<p>Ideal para quem n\u00e3o tem pressa e quer investir no carro dos seus sonhos. Confira algumas das vantagens em comprar seu Renault pelo Cons\u00f3rcio:<\/p>\n<ul>\n<li style=\"list-style-type: none;\">\n<ul>\n<li style=\"list-style-type: none;\">\n<ul>\n<li>V\u00e1rias op\u00e7\u00f5es de planos: s\u00e3o v\u00e1rios planos para a compra do seu ve\u00edculo Renault sem pagar juros.<\/li>\n<\/ul>\n<\/li>\n<\/ul>\n<\/li>\n<\/ul>\n<ul>\n<li style=\"list-style-type: none;\">\n<ul>\n<li style=\"list-style-type: none;\">\n<ul>\n<li>Cr\u00e9dito como lance: Voc\u00ea pode utilizar at\u00e9 25% do valor do cr\u00e9dito para dar lance e comprar o seu ve\u00edculo antecipadamente.<\/li>\n<\/ul>\n<\/li>\n<\/ul>\n<\/li>\n<\/ul>\n<ul>\n<li style=\"list-style-type: none;\">\n<ul>\n<li style=\"list-style-type: none;\">\n<ul>\n<li>Garantia Renault: Comprar pelo cons\u00f3rcio \u00e9 uma op\u00e7\u00e3o de investimento inteligente e com garantia Renault.<\/li>\n<\/ul>\n<\/li>\n<\/ul>\n<\/li>\n<\/ul>\n<p>O Cons\u00f3rcio RCI Brasil possibilita um maior planejamento para todos aqueles que desejam investir na compra de um ve\u00edculo Renault. S\u00e3o oportunidades para quem n\u00e3o deseja pagar juros altos, podendo parcelar a sua compra por meio de um autofinanciamento.<\/p>\n<p>[\/et_pb_text][\/et_pb_column][\/et_pb_row][et_pb_row _builder_version=&#8221;4.11.0&#8243; _module_preset=&#8221;default&#8221; global_module=&#8221;481&#8243; global_colors_info=&#8221;{}&#8221; theme_builder_area=&#8221;post_content&#8221;][et_pb_column type=&#8221;4_4&#8243; _builder_version=&#8221;4.11.0&#8243; _module_preset=&#8221;default&#8221; global_colors_info=&#8221;{}&#8221; theme_builder_area=&#8221;post_content&#8221;][et_pb_button button_bg_color__hover=&#8221;#c18f3e&#8221; button_bg_color__hover_enabled=&#8221;on|hover&#8221; button_url=&#8221;@ET-DC@eyJkeW5hbWljIjp0cnVlLCJjb250ZW50IjoiaG9tZV91cmwiLCJzZXR0aW5ncyI6e319@&#8221; button_text=&#8221;Voltar&#8221; _builder_version=&#8221;4.11.1&#8243; _dynamic_attributes=&#8221;button_url&#8221; _module_preset=&#8221;default&#8221; global_colors_info=&#8221;{}&#8221; button_bg_enable_color__hover=&#8221;on&#8221; theme_builder_area=&#8221;post_content&#8221;][\/et_pb_button][\/et_pb_column][\/et_pb_row][\/et_pb_section]<\/p>\n","protected":false},"excerpt":{"rendered":"<p>Condi\u00e7\u00f5es para que voc\u00ea possa realizar seu sonho de forma planejada e com seguran\u00e7a. Ideal para quem n\u00e3o tem pressa e quer investir no carro dos seus sonhos. Confira algumas das vantagens em comprar seu Renault pelo Cons\u00f3rcio: V\u00e1rias op\u00e7\u00f5es de planos: s\u00e3o v\u00e1rios planos para a compra do seu ve\u00edculo Renault sem pagar juros. [&hellip;]<\/p>\n","protected":false},"author":1,"featured_media":545,"parent":0,"menu_order":0,"comment_status":"closed","ping_status":"closed","template":"","meta":{"_et_pb_use_builder":"on","_et_pb_old_content":"<!-- wp:divi\/placeholder \/-->","_et_gb_content_width":"","footnotes":""},"class_list":["post-568","page","type-page","status-publish","has-post-thumbnail","hentry"],"yoast_head":"<!-- This site is optimized with the Yoast SEO plugin v27.5 - https:\/\/yoast.com\/product\/yoast-seo-wordpress\/ -->\n<title>Cons\u00f3rcio Renault - Parceiro Confian\u00e7a Cr\u00e9ditos<\/title>\n<meta name=\"description\" content=\"A Renault completa 20 anos de f\u00e1brica no Brasil, durante esses anos se consolidou como uma das maiores montadoras de autom\u00f3veis do pa\u00eds.\" \/>\n<meta name=\"robots\" content=\"index, follow, max-snippet:-1, max-image-preview:large, max-video-preview:-1\" \/>\n<link rel=\"canonical\" href=\"https:\/\/creditosconfianca.com.br\/index.php\/consorcio-renault\/\" \/>\n<meta property=\"og:locale\" content=\"pt_BR\" \/>\n<meta property=\"og:type\" content=\"article\" \/>\n<meta property=\"og:title\" content=\"Cons\u00f3rcio Renault - Parceiro Confian\u00e7a Cr\u00e9ditos\" \/>\n<meta property=\"og:description\" content=\"A Renault completa 20 anos de f\u00e1brica no Brasil, durante esses anos se consolidou como uma das maiores montadoras de autom\u00f3veis do pa\u00eds.\" \/>\n<meta property=\"og:url\" content=\"https:\/\/creditosconfianca.com.br\/index.php\/consorcio-renault\/\" \/>\n<meta property=\"og:site_name\" content=\"Confian\u00e7a Cr\u00e9ditos\" \/>\n<meta property=\"article:modified_time\" content=\"2022-04-29T19:18:03+00:00\" \/>\n<meta property=\"og:image\" content=\"https:\/\/creditosconfianca.com.br\/wp-content\/uploads\/2021\/10\/thumbs-parceiro-renault.png\" \/>\n\t<meta property=\"og:image:width\" content=\"200\" \/>\n\t<meta property=\"og:image:height\" content=\"200\" \/>\n\t<meta property=\"og:image:type\" content=\"image\/png\" \/>\n<meta name=\"twitter:card\" content=\"summary_large_image\" \/>\n<script type=\"application\/ld+json\" class=\"yoast-schema-graph\">{\"@context\":\"https:\\\/\\\/schema.org\",\"@graph\":[{\"@type\":\"WebPage\",\"@id\":\"https:\\\/\\\/creditosconfianca.com.br\\\/index.php\\\/consorcio-renault\\\/\",\"url\":\"https:\\\/\\\/creditosconfianca.com.br\\\/index.php\\\/consorcio-renault\\\/\",\"name\":\"Cons\u00f3rcio Renault - Parceiro Confian\u00e7a Cr\u00e9ditos\",\"isPartOf\":{\"@id\":\"https:\\\/\\\/creditosconfianca.com.br\\\/#website\"},\"primaryImageOfPage\":{\"@id\":\"https:\\\/\\\/creditosconfianca.com.br\\\/index.php\\\/consorcio-renault\\\/#primaryimage\"},\"image\":{\"@id\":\"https:\\\/\\\/creditosconfianca.com.br\\\/index.php\\\/consorcio-renault\\\/#primaryimage\"},\"thumbnailUrl\":\"https:\\\/\\\/creditosconfianca.com.br\\\/wp-content\\\/uploads\\\/2021\\\/10\\\/thumbs-parceiro-renault.png\",\"datePublished\":\"2021-10-04T02:03:22+00:00\",\"dateModified\":\"2022-04-29T19:18:03+00:00\",\"description\":\"A Renault completa 20 anos de f\u00e1brica no Brasil, durante esses anos se consolidou como uma das maiores montadoras de autom\u00f3veis do pa\u00eds.\",\"breadcrumb\":{\"@id\":\"https:\\\/\\\/creditosconfianca.com.br\\\/index.php\\\/consorcio-renault\\\/#breadcrumb\"},\"inLanguage\":\"pt-BR\",\"potentialAction\":[{\"@type\":\"ReadAction\",\"target\":[\"https:\\\/\\\/creditosconfianca.com.br\\\/index.php\\\/consorcio-renault\\\/\"]}]},{\"@type\":\"ImageObject\",\"inLanguage\":\"pt-BR\",\"@id\":\"https:\\\/\\\/creditosconfianca.com.br\\\/index.php\\\/consorcio-renault\\\/#primaryimage\",\"url\":\"https:\\\/\\\/creditosconfianca.com.br\\\/wp-content\\\/uploads\\\/2021\\\/10\\\/thumbs-parceiro-renault.png\",\"contentUrl\":\"https:\\\/\\\/creditosconfianca.com.br\\\/wp-content\\\/uploads\\\/2021\\\/10\\\/thumbs-parceiro-renault.png\",\"width\":200,\"height\":200},{\"@type\":\"BreadcrumbList\",\"@id\":\"https:\\\/\\\/creditosconfianca.com.br\\\/index.php\\\/consorcio-renault\\\/#breadcrumb\",\"itemListElement\":[{\"@type\":\"ListItem\",\"position\":1,\"name\":\"In\u00edcio\",\"item\":\"https:\\\/\\\/creditosconfianca.com.br\\\/\"},{\"@type\":\"ListItem\",\"position\":2,\"name\":\"Cons\u00f3rcio Renault\"}]},{\"@type\":\"WebSite\",\"@id\":\"https:\\\/\\\/creditosconfianca.com.br\\\/#website\",\"url\":\"https:\\\/\\\/creditosconfianca.com.br\\\/\",\"name\":\"Confian\u00e7a Cr\u00e9ditos\",\"description\":\"Voc\u00ea mais perto do seu sonho!\",\"potentialAction\":[{\"@type\":\"SearchAction\",\"target\":{\"@type\":\"EntryPoint\",\"urlTemplate\":\"https:\\\/\\\/creditosconfianca.com.br\\\/?s={search_term_string}\"},\"query-input\":{\"@type\":\"PropertyValueSpecification\",\"valueRequired\":true,\"valueName\":\"search_term_string\"}}],\"inLanguage\":\"pt-BR\"}]}<\/script>\n<!-- \/ Yoast SEO plugin. -->","yoast_head_json":{"title":"Cons\u00f3rcio Renault - Parceiro Confian\u00e7a Cr\u00e9ditos","description":"A Renault completa 20 anos de f\u00e1brica no Brasil, durante esses anos se consolidou como uma das maiores montadoras de autom\u00f3veis do pa\u00eds.","robots":{"index":"index","follow":"follow","max-snippet":"max-snippet:-1","max-image-preview":"max-image-preview:large","max-video-preview":"max-video-preview:-1"},"canonical":"https:\/\/creditosconfianca.com.br\/index.php\/consorcio-renault\/","og_locale":"pt_BR","og_type":"article","og_title":"Cons\u00f3rcio Renault - Parceiro Confian\u00e7a Cr\u00e9ditos","og_description":"A Renault completa 20 anos de f\u00e1brica no Brasil, durante esses anos se consolidou como uma das maiores montadoras de autom\u00f3veis do pa\u00eds.","og_url":"https:\/\/creditosconfianca.com.br\/index.php\/consorcio-renault\/","og_site_name":"Confian\u00e7a Cr\u00e9ditos","article_modified_time":"2022-04-29T19:18:03+00:00","og_image":[{"width":200,"height":200,"url":"https:\/\/creditosconfianca.com.br\/wp-content\/uploads\/2021\/10\/thumbs-parceiro-renault.png","type":"image\/png"}],"twitter_card":"summary_large_image","schema":{"@context":"https:\/\/schema.org","@graph":[{"@type":"WebPage","@id":"https:\/\/creditosconfianca.com.br\/index.php\/consorcio-renault\/","url":"https:\/\/creditosconfianca.com.br\/index.php\/consorcio-renault\/","name":"Cons\u00f3rcio Renault - Parceiro Confian\u00e7a Cr\u00e9ditos","isPartOf":{"@id":"https:\/\/creditosconfianca.com.br\/#website"},"primaryImageOfPage":{"@id":"https:\/\/creditosconfianca.com.br\/index.php\/consorcio-renault\/#primaryimage"},"image":{"@id":"https:\/\/creditosconfianca.com.br\/index.php\/consorcio-renault\/#primaryimage"},"thumbnailUrl":"https:\/\/creditosconfianca.com.br\/wp-content\/uploads\/2021\/10\/thumbs-parceiro-renault.png","datePublished":"2021-10-04T02:03:22+00:00","dateModified":"2022-04-29T19:18:03+00:00","description":"A Renault completa 20 anos de f\u00e1brica no Brasil, durante esses anos se consolidou como uma das maiores montadoras de autom\u00f3veis do pa\u00eds.","breadcrumb":{"@id":"https:\/\/creditosconfianca.com.br\/index.php\/consorcio-renault\/#breadcrumb"},"inLanguage":"pt-BR","potentialAction":[{"@type":"ReadAction","target":["https:\/\/creditosconfianca.com.br\/index.php\/consorcio-renault\/"]}]},{"@type":"ImageObject","inLanguage":"pt-BR","@id":"https:\/\/creditosconfianca.com.br\/index.php\/consorcio-renault\/#primaryimage","url":"https:\/\/creditosconfianca.com.br\/wp-content\/uploads\/2021\/10\/thumbs-parceiro-renault.png","contentUrl":"https:\/\/creditosconfianca.com.br\/wp-content\/uploads\/2021\/10\/thumbs-parceiro-renault.png","width":200,"height":200},{"@type":"BreadcrumbList","@id":"https:\/\/creditosconfianca.com.br\/index.php\/consorcio-renault\/#breadcrumb","itemListElement":[{"@type":"ListItem","position":1,"name":"In\u00edcio","item":"https:\/\/creditosconfianca.com.br\/"},{"@type":"ListItem","position":2,"name":"Cons\u00f3rcio Renault"}]},{"@type":"WebSite","@id":"https:\/\/creditosconfianca.com.br\/#website","url":"https:\/\/creditosconfianca.com.br\/","name":"Confian\u00e7a Cr\u00e9ditos","description":"Voc\u00ea mais perto do seu sonho!","potentialAction":[{"@type":"SearchAction","target":{"@type":"EntryPoint","urlTemplate":"https:\/\/creditosconfianca.com.br\/?s={search_term_string}"},"query-input":{"@type":"PropertyValueSpecification","valueRequired":true,"valueName":"search_term_string"}}],"inLanguage":"pt-BR"}]}},"_links":{"self":[{"href":"https:\/\/creditosconfianca.com.br\/index.php\/wp-json\/wp\/v2\/pages\/568","targetHints":{"allow":["GET"]}}],"collection":[{"href":"https:\/\/creditosconfianca.com.br\/index.php\/wp-json\/wp\/v2\/pages"}],"about":[{"href":"https:\/\/creditosconfianca.com.br\/index.php\/wp-json\/wp\/v2\/types\/page"}],"author":[{"embeddable":true,"href":"https:\/\/creditosconfianca.com.br\/index.php\/wp-json\/wp\/v2\/users\/1"}],"replies":[{"embeddable":true,"href":"https:\/\/creditosconfianca.com.br\/index.php\/wp-json\/wp\/v2\/comments?post=568"}],"version-history":[{"count":14,"href":"https:\/\/creditosconfianca.com.br\/index.php\/wp-json\/wp\/v2\/pages\/568\/revisions"}],"predecessor-version":[{"id":838,"href":"https:\/\/creditosconfianca.com.br\/index.php\/wp-json\/wp\/v2\/pages\/568\/revisions\/838"}],"wp:featuredmedia":[{"embeddable":true,"href":"https:\/\/creditosconfianca.com.br\/index.php\/wp-json\/wp\/v2\/media\/545"}],"wp:attachment":[{"href":"https:\/\/creditosconfianca.com.br\/index.php\/wp-json\/wp\/v2\/media?parent=568"}],"curies":[{"name":"wp","href":"https:\/\/api.w.org\/{rel}","templated":true}]}}