{"id":564,"date":"2021-10-03T22:44:38","date_gmt":"2021-10-04T01:44:38","guid":{"rendered":"https:\/\/creditosconfianca.com.br\/?page_id=564"},"modified":"2022-04-29T16:19:35","modified_gmt":"2022-04-29T19:19:35","slug":"ancora-consorcios","status":"publish","type":"page","link":"https:\/\/creditosconfianca.com.br\/index.php\/ancora-consorcios\/","title":{"rendered":"\u00c2ncora Cons\u00f3rcios"},"content":{"rendered":"<p>[et_pb_section fb_built=&#8221;1&#8243; _builder_version=&#8221;4.11.1&#8243; _module_preset=&#8221;default&#8221; bottom_divider_style=&#8221;asymmetric2&#8243; bottom_divider_color=&#8221;#232645&#8243; bottom_divider_flip=&#8221;horizontal&#8221; global_colors_info=&#8221;{}&#8221; theme_builder_area=&#8221;post_content&#8221;][et_pb_row column_structure=&#8221;3_5,2_5&#8243; custom_padding_last_edited=&#8221;on|desktop&#8221; _builder_version=&#8221;4.13.1&#8243; _module_preset=&#8221;default&#8221; custom_margin_tablet=&#8221;0px||||false|false&#8221; custom_margin_phone=&#8221;&#8221; custom_margin_last_edited=&#8221;on|tablet&#8221; custom_padding_tablet=&#8221;0px||||false|false&#8221; custom_padding_phone=&#8221;&#8221; global_colors_info=&#8221;{}&#8221; theme_builder_area=&#8221;post_content&#8221;][et_pb_column type=&#8221;3_5&#8243; _builder_version=&#8221;4.11.1&#8243; _module_preset=&#8221;default&#8221; global_colors_info=&#8221;{}&#8221; theme_builder_area=&#8221;post_content&#8221;][et_pb_image src=&#8221;https:\/\/creditosconfianca.com.br\/wp-content\/uploads\/2021\/10\/logo-ancora.png&#8221; title_text=&#8221;logo-ancora&#8221; align=&#8221;center&#8221; _builder_version=&#8221;4.13.1&#8243; _module_preset=&#8221;default&#8221; width=&#8221;40%&#8221; width_tablet=&#8221;50%&#8221; width_phone=&#8221;80%&#8221; width_last_edited=&#8221;on|desktop&#8221; global_colors_info=&#8221;{}&#8221; theme_builder_area=&#8221;post_content&#8221;][\/et_pb_image][et_pb_image src=&#8221;https:\/\/creditosconfianca.com.br\/wp-content\/uploads\/2022\/04\/img-familia-feliz-ancora.webp&#8221; title_text=&#8221;img-familia-feliz-ancora&#8221; disabled_on=&#8221;on|on|off&#8221; _builder_version=&#8221;4.13.1&#8243; _module_preset=&#8221;default&#8221; background_enable_color=&#8221;off&#8221; background_enable_image=&#8221;off&#8221; background_blend=&#8221;multiply&#8221; animation_style=&#8221;zoom&#8221; global_colors_info=&#8221;{%22gcid-e569eb74-efc3-4294-b604-7f1c9c011338%22:%91%22background_color%22%93}&#8221; theme_builder_area=&#8221;post_content&#8221;][\/et_pb_image][et_pb_text disabled_on=&#8221;on|on|off&#8221; _builder_version=&#8221;4.11.1&#8243; _module_preset=&#8221;default&#8221; global_colors_info=&#8221;{}&#8221; theme_builder_area=&#8221;post_content&#8221;]<\/p>\n<p>A \u00c2ncora Cons\u00f3rcios foi criada em 1989. Sua sede administrativa est\u00e1 localizada na cidade de Franca, interior de S\u00e3o Paulo, mas sua atua\u00e7\u00e3o \u00e9 nacional, devido \u00e0 propor\u00e7\u00e3o alcan\u00e7ada pelas parcerias comerciais em todo pa\u00eds e a ampla atua\u00e7\u00e3o nos diversos segmentos.<\/p>\n<p>Hoje nos consolidamos como uma das melhores administradoras do mercado, principalmente atrav\u00e9s do atendimento diferenciado que oferecemos para desenvolver solu\u00e7\u00f5es aos nossos clientes, colaboradores e parceiros.<\/p>\n<p>[\/et_pb_text][\/et_pb_column][et_pb_column type=&#8221;2_5&#8243; _builder_version=&#8221;4.11.1&#8243; _module_preset=&#8221;default&#8221; global_colors_info=&#8221;{}&#8221; theme_builder_area=&#8221;post_content&#8221;][et_pb_code module_id=&#8221;form-lead-ancora&#8221; _builder_version=&#8221;4.13.1&#8243; _module_preset=&#8221;default&#8221; background_color=&#8221;#073d4d&#8221; text_orientation=&#8221;center&#8221; width_tablet=&#8221;60%&#8221; width_phone=&#8221;100%&#8221; width_last_edited=&#8221;on|phone&#8221; custom_padding=&#8221;20px|20px|20px|20px|false|false&#8221; animation_style=&#8221;zoom&#8221; module_alignment_tablet=&#8221;center&#8221; module_alignment_phone=&#8221;&#8221; module_alignment_last_edited=&#8221;on|desktop&#8221; box_shadow_style=&#8221;preset4&#8243; global_colors_info=&#8221;{}&#8221; theme_builder_area=&#8221;post_content&#8221;]<\/p>\n<h2><!-- [et_pb_line_break_holder] -->  SIMULE AQUI O SEU CREDITO<!-- [et_pb_line_break_holder] --><\/h2>\n<p><!-- [et_pb_line_break_holder] --><div class=\"wpforms-container wpforms-container-full\" id=\"wpforms-818\"><form id=\"wpforms-form-818\" class=\"wpforms-validate wpforms-form wpforms-ajax-form\" data-formid=\"818\" method=\"post\" enctype=\"multipart\/form-data\" action=\"\/index.php\/wp-json\/wp\/v2\/pages\/564\" data-token=\"8140d5efd60a639842a20837ee38dc81\"><noscript class=\"wpforms-error-noscript\">Ative o JavaScript no seu navegador para preencher este formul\u00e1rio.<\/noscript><div class=\"wpforms-field-container\"><div id=\"wpforms-818-field_1-container\" class=\"wpforms-field wpforms-field-select campos-form-lead wpforms-field-select-style-classic\" data-field-id=\"1\"><label class=\"wpforms-field-label wpforms-label-hide\" for=\"wpforms-818-field_1\">Tipo de cr\u00e9dito <span class=\"wpforms-required-label\">*<\/span><\/label><select id=\"wpforms-818-field_1\" class=\"wpforms-field-medium wpforms-field-required\" name=\"wpforms[fields][1]\" required=\"required\"><option value=\"\" class=\"placeholder\" disabled  selected='selected'>Tipo de Cr\u00e9dito<\/option><option value=\"Im\u00f3vel\" >Im\u00f3vel<\/option><option value=\"Autom\u00f3vel\" >Autom\u00f3vel<\/option><option value=\"Moto\" >Moto<\/option><option value=\"Caminh\u00e3o\" >Caminh\u00e3o<\/option><option value=\"Maquin\u00e1rio \" >Maquin\u00e1rio <\/option><option value=\"Capital Giro\" >Capital Giro<\/option><option value=\"Servi\u00e7os\" >Servi\u00e7os<\/option><\/select><\/div><div id=\"wpforms-818-field_2-container\" class=\"wpforms-field wpforms-field-name campos-form-lead\" data-field-id=\"2\"><label class=\"wpforms-field-label wpforms-label-hide\" for=\"wpforms-818-field_2\">Nome <span class=\"wpforms-required-label\">*<\/span><\/label><input type=\"text\" id=\"wpforms-818-field_2\" class=\"wpforms-field-medium wpforms-field-required\" name=\"wpforms[fields][2]\" placeholder=\"Nome Completo\" required><\/div><div id=\"wpforms-818-field_3-container\" class=\"wpforms-field wpforms-field-email campos-form-lead\" data-field-id=\"3\"><label class=\"wpforms-field-label wpforms-label-hide\" for=\"wpforms-818-field_3\">E-mail <span class=\"wpforms-required-label\">*<\/span><\/label><input type=\"email\" id=\"wpforms-818-field_3\" class=\"wpforms-field-medium wpforms-field-required\" name=\"wpforms[fields][3]\" placeholder=\"E-mail\" required><\/div><div id=\"wpforms-818-field_8-container\" class=\"wpforms-field wpforms-field-text campos-form-lead\" data-field-id=\"8\"><label class=\"wpforms-field-label wpforms-label-hide\" for=\"wpforms-818-field_8\">Telefone <span class=\"wpforms-required-label\">*<\/span><\/label><input type=\"text\" id=\"wpforms-818-field_8\" class=\"wpforms-field-medium wpforms-field-required wpforms-masked-input\" data-inputmask-mask=\"(99) 9999-9999[9]\" data-rule-empty-blanks=\"1\" name=\"wpforms[fields][8]\" placeholder=\"(00) 00000-0000\" required><\/div><div id=\"wpforms-818-field_9-container\" class=\"wpforms-field wpforms-field-text campos-form-lead\" data-field-id=\"9\"><label class=\"wpforms-field-label wpforms-label-hide\" for=\"wpforms-818-field_9\">Valor do Cr\u00e9dito <span class=\"wpforms-required-label\">*<\/span><\/label><input type=\"text\" id=\"wpforms-818-field_9\" class=\"wpforms-field-medium wpforms-field-required wpforms-masked-input\" data-inputmask-alias=\"currency\" name=\"wpforms[fields][9]\" placeholder=\"Valor do Cr\u00e9dito\" required><\/div><\/div><div class=\"wpforms-submit-container\"><input type=\"hidden\" name=\"wpforms[id]\" value=\"818\"><input type=\"hidden\" name=\"wpforms[author]\" value=\"1\"><button type=\"submit\" name=\"wpforms[submit]\" id=\"wpforms-submit-818\" class=\"wpforms-submit\" data-alt-text=\"Enviando...\" data-submit-text=\"Simular\" aria-live=\"assertive\" value=\"wpforms-submit\">Simular<\/button><img loading=\"lazy\" decoding=\"async\" src=\"https:\/\/creditosconfianca.com.br\/wp-content\/plugins\/wpforms\/assets\/images\/submit-spin.svg\" class=\"wpforms-submit-spinner\" style=\"display: none;\" width=\"26\" height=\"26\" alt=\"\"><\/div><\/form><\/div>  <!-- .wpforms-container -->[\/et_pb_code][\/et_pb_column][\/et_pb_row][et_pb_row disabled_on=&#8221;off|off|on&#8221; _builder_version=&#8221;4.13.1&#8243; _module_preset=&#8221;default&#8221; global_colors_info=&#8221;{}&#8221; theme_builder_area=&#8221;post_content&#8221;][et_pb_column type=&#8221;4_4&#8243; _builder_version=&#8221;4.13.1&#8243; _module_preset=&#8221;default&#8221; global_colors_info=&#8221;{}&#8221; theme_builder_area=&#8221;post_content&#8221;][et_pb_image src=&#8221;https:\/\/creditosconfianca.com.br\/wp-content\/uploads\/2022\/04\/img-familia-feliz-ancora.webp&#8221; title_text=&#8221;img-familia-feliz-ancora&#8221; align=&#8221;center&#8221; _builder_version=&#8221;4.13.1&#8243; _module_preset=&#8221;default&#8221; locked=&#8221;off&#8221; global_colors_info=&#8221;{}&#8221; theme_builder_area=&#8221;post_content&#8221;][\/et_pb_image][et_pb_text _builder_version=&#8221;4.11.1&#8243; _module_preset=&#8221;default&#8221; locked=&#8221;off&#8221; global_colors_info=&#8221;{}&#8221; theme_builder_area=&#8221;post_content&#8221;]<\/p>\n<p>A \u00c2ncora Cons\u00f3rcios foi criada em 1989. Sua sede administrativa est\u00e1 localizada na cidade de Franca, interior de S\u00e3o Paulo, mas sua atua\u00e7\u00e3o \u00e9 nacional, devido \u00e0 propor\u00e7\u00e3o alcan\u00e7ada pelas parcerias comerciais em todo pa\u00eds e a ampla atua\u00e7\u00e3o nos diversos segmentos.<\/p>\n<p>Hoje nos consolidamos como uma das melhores administradoras do mercado, principalmente atrav\u00e9s do atendimento diferenciado que oferecemos para desenvolver solu\u00e7\u00f5es aos nossos clientes, colaboradores e parceiros.<\/p>\n<p>[\/et_pb_text][\/et_pb_column][\/et_pb_row][et_pb_row _builder_version=&#8221;4.11.0&#8243; _module_preset=&#8221;default&#8221; global_module=&#8221;481&#8243; global_colors_info=&#8221;{}&#8221; theme_builder_area=&#8221;post_content&#8221;][et_pb_column type=&#8221;4_4&#8243; _builder_version=&#8221;4.11.0&#8243; _module_preset=&#8221;default&#8221; global_colors_info=&#8221;{}&#8221; theme_builder_area=&#8221;post_content&#8221;][et_pb_button button_bg_color__hover=&#8221;#c18f3e&#8221; button_bg_color__hover_enabled=&#8221;on|hover&#8221; button_url=&#8221;@ET-DC@eyJkeW5hbWljIjp0cnVlLCJjb250ZW50IjoiaG9tZV91cmwiLCJzZXR0aW5ncyI6e319@&#8221; button_text=&#8221;Voltar&#8221; _builder_version=&#8221;4.11.1&#8243; _dynamic_attributes=&#8221;button_url&#8221; _module_preset=&#8221;default&#8221; global_colors_info=&#8221;{}&#8221; button_bg_enable_color__hover=&#8221;on&#8221; theme_builder_area=&#8221;post_content&#8221;][\/et_pb_button][\/et_pb_column][\/et_pb_row][\/et_pb_section]<\/p>\n","protected":false},"excerpt":{"rendered":"<p>A \u00c2ncora Cons\u00f3rcios foi criada em 1989. Sua sede administrativa est\u00e1 localizada na cidade de Franca, interior de S\u00e3o Paulo, mas sua atua\u00e7\u00e3o \u00e9 nacional, devido \u00e0 propor\u00e7\u00e3o alcan\u00e7ada pelas parcerias comerciais em todo pa\u00eds e a ampla atua\u00e7\u00e3o nos diversos segmentos. Hoje nos consolidamos como uma das melhores administradoras do mercado, principalmente atrav\u00e9s do [&hellip;]<\/p>\n","protected":false},"author":1,"featured_media":544,"parent":0,"menu_order":0,"comment_status":"closed","ping_status":"closed","template":"","meta":{"_et_pb_use_builder":"on","_et_pb_old_content":"<!-- wp:divi\/placeholder \/-->","_et_gb_content_width":"","footnotes":""},"class_list":["post-564","page","type-page","status-publish","has-post-thumbnail","hentry"],"yoast_head":"<!-- This site is optimized with the Yoast SEO plugin v27.5 - https:\/\/yoast.com\/product\/yoast-seo-wordpress\/ -->\n<title>\u00c2ncora Cons\u00f3rcios - Parceiro Confian\u00e7a Cr\u00e9ditos<\/title>\n<meta name=\"description\" content=\"A \u00c2ncora Cons\u00f3rcios foi criada em 1989. Sua atua\u00e7\u00e3o \u00e9 nacional, devido \u00e0 propor\u00e7\u00e3o alcan\u00e7ada pelas parcerias comerciais em todo pa\u00eds.\" \/>\n<meta name=\"robots\" content=\"index, follow, max-snippet:-1, max-image-preview:large, max-video-preview:-1\" \/>\n<link rel=\"canonical\" href=\"https:\/\/creditosconfianca.com.br\/index.php\/ancora-consorcios\/\" \/>\n<meta property=\"og:locale\" content=\"pt_BR\" \/>\n<meta property=\"og:type\" content=\"article\" \/>\n<meta property=\"og:title\" content=\"\u00c2ncora Cons\u00f3rcios - Parceiro Confian\u00e7a Cr\u00e9ditos\" \/>\n<meta property=\"og:description\" content=\"A \u00c2ncora Cons\u00f3rcios foi criada em 1989. Sua atua\u00e7\u00e3o \u00e9 nacional, devido \u00e0 propor\u00e7\u00e3o alcan\u00e7ada pelas parcerias comerciais em todo pa\u00eds.\" \/>\n<meta property=\"og:url\" content=\"https:\/\/creditosconfianca.com.br\/index.php\/ancora-consorcios\/\" \/>\n<meta property=\"og:site_name\" content=\"Confian\u00e7a Cr\u00e9ditos\" \/>\n<meta property=\"article:modified_time\" content=\"2022-04-29T19:19:35+00:00\" \/>\n<meta property=\"og:image\" content=\"https:\/\/creditosconfianca.com.br\/wp-content\/uploads\/2021\/10\/thumbs-parceiro-ancora.png\" \/>\n\t<meta property=\"og:image:width\" content=\"200\" \/>\n\t<meta property=\"og:image:height\" content=\"200\" \/>\n\t<meta property=\"og:image:type\" content=\"image\/png\" \/>\n<meta name=\"twitter:card\" content=\"summary_large_image\" \/>\n<script type=\"application\/ld+json\" class=\"yoast-schema-graph\">{\"@context\":\"https:\\\/\\\/schema.org\",\"@graph\":[{\"@type\":\"WebPage\",\"@id\":\"https:\\\/\\\/creditosconfianca.com.br\\\/index.php\\\/ancora-consorcios\\\/\",\"url\":\"https:\\\/\\\/creditosconfianca.com.br\\\/index.php\\\/ancora-consorcios\\\/\",\"name\":\"\u00c2ncora Cons\u00f3rcios - Parceiro Confian\u00e7a Cr\u00e9ditos\",\"isPartOf\":{\"@id\":\"https:\\\/\\\/creditosconfianca.com.br\\\/#website\"},\"primaryImageOfPage\":{\"@id\":\"https:\\\/\\\/creditosconfianca.com.br\\\/index.php\\\/ancora-consorcios\\\/#primaryimage\"},\"image\":{\"@id\":\"https:\\\/\\\/creditosconfianca.com.br\\\/index.php\\\/ancora-consorcios\\\/#primaryimage\"},\"thumbnailUrl\":\"https:\\\/\\\/creditosconfianca.com.br\\\/wp-content\\\/uploads\\\/2021\\\/10\\\/thumbs-parceiro-ancora.png\",\"datePublished\":\"2021-10-04T01:44:38+00:00\",\"dateModified\":\"2022-04-29T19:19:35+00:00\",\"description\":\"A \u00c2ncora Cons\u00f3rcios foi criada em 1989. Sua atua\u00e7\u00e3o \u00e9 nacional, devido \u00e0 propor\u00e7\u00e3o alcan\u00e7ada pelas parcerias comerciais em todo pa\u00eds.\",\"breadcrumb\":{\"@id\":\"https:\\\/\\\/creditosconfianca.com.br\\\/index.php\\\/ancora-consorcios\\\/#breadcrumb\"},\"inLanguage\":\"pt-BR\",\"potentialAction\":[{\"@type\":\"ReadAction\",\"target\":[\"https:\\\/\\\/creditosconfianca.com.br\\\/index.php\\\/ancora-consorcios\\\/\"]}]},{\"@type\":\"ImageObject\",\"inLanguage\":\"pt-BR\",\"@id\":\"https:\\\/\\\/creditosconfianca.com.br\\\/index.php\\\/ancora-consorcios\\\/#primaryimage\",\"url\":\"https:\\\/\\\/creditosconfianca.com.br\\\/wp-content\\\/uploads\\\/2021\\\/10\\\/thumbs-parceiro-ancora.png\",\"contentUrl\":\"https:\\\/\\\/creditosconfianca.com.br\\\/wp-content\\\/uploads\\\/2021\\\/10\\\/thumbs-parceiro-ancora.png\",\"width\":200,\"height\":200},{\"@type\":\"BreadcrumbList\",\"@id\":\"https:\\\/\\\/creditosconfianca.com.br\\\/index.php\\\/ancora-consorcios\\\/#breadcrumb\",\"itemListElement\":[{\"@type\":\"ListItem\",\"position\":1,\"name\":\"In\u00edcio\",\"item\":\"https:\\\/\\\/creditosconfianca.com.br\\\/\"},{\"@type\":\"ListItem\",\"position\":2,\"name\":\"\u00c2ncora Cons\u00f3rcios\"}]},{\"@type\":\"WebSite\",\"@id\":\"https:\\\/\\\/creditosconfianca.com.br\\\/#website\",\"url\":\"https:\\\/\\\/creditosconfianca.com.br\\\/\",\"name\":\"Confian\u00e7a Cr\u00e9ditos\",\"description\":\"Voc\u00ea mais perto do seu sonho!\",\"potentialAction\":[{\"@type\":\"SearchAction\",\"target\":{\"@type\":\"EntryPoint\",\"urlTemplate\":\"https:\\\/\\\/creditosconfianca.com.br\\\/?s={search_term_string}\"},\"query-input\":{\"@type\":\"PropertyValueSpecification\",\"valueRequired\":true,\"valueName\":\"search_term_string\"}}],\"inLanguage\":\"pt-BR\"}]}<\/script>\n<!-- \/ Yoast SEO plugin. -->","yoast_head_json":{"title":"\u00c2ncora Cons\u00f3rcios - Parceiro Confian\u00e7a Cr\u00e9ditos","description":"A \u00c2ncora Cons\u00f3rcios foi criada em 1989. Sua atua\u00e7\u00e3o \u00e9 nacional, devido \u00e0 propor\u00e7\u00e3o alcan\u00e7ada pelas parcerias comerciais em todo pa\u00eds.","robots":{"index":"index","follow":"follow","max-snippet":"max-snippet:-1","max-image-preview":"max-image-preview:large","max-video-preview":"max-video-preview:-1"},"canonical":"https:\/\/creditosconfianca.com.br\/index.php\/ancora-consorcios\/","og_locale":"pt_BR","og_type":"article","og_title":"\u00c2ncora Cons\u00f3rcios - Parceiro Confian\u00e7a Cr\u00e9ditos","og_description":"A \u00c2ncora Cons\u00f3rcios foi criada em 1989. Sua atua\u00e7\u00e3o \u00e9 nacional, devido \u00e0 propor\u00e7\u00e3o alcan\u00e7ada pelas parcerias comerciais em todo pa\u00eds.","og_url":"https:\/\/creditosconfianca.com.br\/index.php\/ancora-consorcios\/","og_site_name":"Confian\u00e7a Cr\u00e9ditos","article_modified_time":"2022-04-29T19:19:35+00:00","og_image":[{"width":200,"height":200,"url":"https:\/\/creditosconfianca.com.br\/wp-content\/uploads\/2021\/10\/thumbs-parceiro-ancora.png","type":"image\/png"}],"twitter_card":"summary_large_image","schema":{"@context":"https:\/\/schema.org","@graph":[{"@type":"WebPage","@id":"https:\/\/creditosconfianca.com.br\/index.php\/ancora-consorcios\/","url":"https:\/\/creditosconfianca.com.br\/index.php\/ancora-consorcios\/","name":"\u00c2ncora Cons\u00f3rcios - Parceiro Confian\u00e7a Cr\u00e9ditos","isPartOf":{"@id":"https:\/\/creditosconfianca.com.br\/#website"},"primaryImageOfPage":{"@id":"https:\/\/creditosconfianca.com.br\/index.php\/ancora-consorcios\/#primaryimage"},"image":{"@id":"https:\/\/creditosconfianca.com.br\/index.php\/ancora-consorcios\/#primaryimage"},"thumbnailUrl":"https:\/\/creditosconfianca.com.br\/wp-content\/uploads\/2021\/10\/thumbs-parceiro-ancora.png","datePublished":"2021-10-04T01:44:38+00:00","dateModified":"2022-04-29T19:19:35+00:00","description":"A \u00c2ncora Cons\u00f3rcios foi criada em 1989. Sua atua\u00e7\u00e3o \u00e9 nacional, devido \u00e0 propor\u00e7\u00e3o alcan\u00e7ada pelas parcerias comerciais em todo pa\u00eds.","breadcrumb":{"@id":"https:\/\/creditosconfianca.com.br\/index.php\/ancora-consorcios\/#breadcrumb"},"inLanguage":"pt-BR","potentialAction":[{"@type":"ReadAction","target":["https:\/\/creditosconfianca.com.br\/index.php\/ancora-consorcios\/"]}]},{"@type":"ImageObject","inLanguage":"pt-BR","@id":"https:\/\/creditosconfianca.com.br\/index.php\/ancora-consorcios\/#primaryimage","url":"https:\/\/creditosconfianca.com.br\/wp-content\/uploads\/2021\/10\/thumbs-parceiro-ancora.png","contentUrl":"https:\/\/creditosconfianca.com.br\/wp-content\/uploads\/2021\/10\/thumbs-parceiro-ancora.png","width":200,"height":200},{"@type":"BreadcrumbList","@id":"https:\/\/creditosconfianca.com.br\/index.php\/ancora-consorcios\/#breadcrumb","itemListElement":[{"@type":"ListItem","position":1,"name":"In\u00edcio","item":"https:\/\/creditosconfianca.com.br\/"},{"@type":"ListItem","position":2,"name":"\u00c2ncora Cons\u00f3rcios"}]},{"@type":"WebSite","@id":"https:\/\/creditosconfianca.com.br\/#website","url":"https:\/\/creditosconfianca.com.br\/","name":"Confian\u00e7a Cr\u00e9ditos","description":"Voc\u00ea mais perto do seu sonho!","potentialAction":[{"@type":"SearchAction","target":{"@type":"EntryPoint","urlTemplate":"https:\/\/creditosconfianca.com.br\/?s={search_term_string}"},"query-input":{"@type":"PropertyValueSpecification","valueRequired":true,"valueName":"search_term_string"}}],"inLanguage":"pt-BR"}]}},"_links":{"self":[{"href":"https:\/\/creditosconfianca.com.br\/index.php\/wp-json\/wp\/v2\/pages\/564","targetHints":{"allow":["GET"]}}],"collection":[{"href":"https:\/\/creditosconfianca.com.br\/index.php\/wp-json\/wp\/v2\/pages"}],"about":[{"href":"https:\/\/creditosconfianca.com.br\/index.php\/wp-json\/wp\/v2\/types\/page"}],"author":[{"embeddable":true,"href":"https:\/\/creditosconfianca.com.br\/index.php\/wp-json\/wp\/v2\/users\/1"}],"replies":[{"embeddable":true,"href":"https:\/\/creditosconfianca.com.br\/index.php\/wp-json\/wp\/v2\/comments?post=564"}],"version-history":[{"count":13,"href":"https:\/\/creditosconfianca.com.br\/index.php\/wp-json\/wp\/v2\/pages\/564\/revisions"}],"predecessor-version":[{"id":840,"href":"https:\/\/creditosconfianca.com.br\/index.php\/wp-json\/wp\/v2\/pages\/564\/revisions\/840"}],"wp:featuredmedia":[{"embeddable":true,"href":"https:\/\/creditosconfianca.com.br\/index.php\/wp-json\/wp\/v2\/media\/544"}],"wp:attachment":[{"href":"https:\/\/creditosconfianca.com.br\/index.php\/wp-json\/wp\/v2\/media?parent=564"}],"curies":[{"name":"wp","href":"https:\/\/api.w.org\/{rel}","templated":true}]}}