{"id":562,"date":"2021-10-03T22:40:24","date_gmt":"2021-10-04T01:40:24","guid":{"rendered":"https:\/\/creditosconfianca.com.br\/?page_id=562"},"modified":"2022-04-29T16:18:55","modified_gmt":"2022-04-29T19:18:55","slug":"tradicao-consorcio","status":"publish","type":"page","link":"https:\/\/creditosconfianca.com.br\/index.php\/tradicao-consorcio\/","title":{"rendered":"Tradi\u00e7\u00e3o Cons\u00f3rcio"},"content":{"rendered":"<p>[et_pb_section fb_built=&#8221;1&#8243; _builder_version=&#8221;4.11.1&#8243; _module_preset=&#8221;default&#8221; bottom_divider_style=&#8221;asymmetric2&#8243; bottom_divider_color=&#8221;#232645&#8243; bottom_divider_flip=&#8221;horizontal&#8221; global_colors_info=&#8221;{}&#8221; theme_builder_area=&#8221;post_content&#8221;][et_pb_row column_structure=&#8221;3_5,2_5&#8243; custom_padding_last_edited=&#8221;on|desktop&#8221; _builder_version=&#8221;4.13.1&#8243; _module_preset=&#8221;default&#8221; custom_margin_tablet=&#8221;0px||||false|false&#8221; custom_margin_phone=&#8221;&#8221; custom_margin_last_edited=&#8221;on|phone&#8221; custom_padding_tablet=&#8221;0px||||false|false&#8221; custom_padding_phone=&#8221;&#8221; global_colors_info=&#8221;{}&#8221; theme_builder_area=&#8221;post_content&#8221;][et_pb_column type=&#8221;3_5&#8243; _builder_version=&#8221;4.11.1&#8243; _module_preset=&#8221;default&#8221; global_colors_info=&#8221;{}&#8221; theme_builder_area=&#8221;post_content&#8221;][et_pb_image src=&#8221;https:\/\/creditosconfianca.com.br\/wp-content\/uploads\/2021\/10\/logo-tradicao.png&#8221; title_text=&#8221;logo-tradicao&#8221; align=&#8221;center&#8221; _builder_version=&#8221;4.13.1&#8243; _module_preset=&#8221;default&#8221; width=&#8221;40%&#8221; width_tablet=&#8221;50%&#8221; width_phone=&#8221;80%&#8221; width_last_edited=&#8221;on|desktop&#8221; global_colors_info=&#8221;{}&#8221; theme_builder_area=&#8221;post_content&#8221;][\/et_pb_image][et_pb_image src=&#8221;https:\/\/creditosconfianca.com.br\/wp-content\/uploads\/2022\/04\/familia-popando-junta.webp&#8221; title_text=&#8221;familia-popando-junta&#8221; disabled_on=&#8221;on|on|off&#8221; _builder_version=&#8221;4.13.1&#8243; _module_preset=&#8221;default&#8221; background_enable_color=&#8221;off&#8221; background_enable_image=&#8221;off&#8221; background_blend=&#8221;multiply&#8221; animation_style=&#8221;zoom&#8221; global_colors_info=&#8221;{%22gcid-e569eb74-efc3-4294-b604-7f1c9c011338%22:%91%22background_color%22%93}&#8221; theme_builder_area=&#8221;post_content&#8221;][\/et_pb_image][et_pb_text disabled_on=&#8221;on|on|off&#8221; _builder_version=&#8221;4.11.1&#8243; _module_preset=&#8221;default&#8221; global_colors_info=&#8221;{}&#8221; theme_builder_area=&#8221;post_content&#8221;]<\/p>\n<p><strong>Mais de 19 anos de Tradi\u00e7\u00e3o<\/strong><\/p>\n<p>Proporcionamos a aquisi\u00e7\u00e3o de bens de consumo, livres de juros abusivos, facilitando o acesso a mais produtos de sua necessidade, com seguran\u00e7a, de forma transparente e justa.<\/p>\n<p>Comercializamos cotas de autom\u00f3veis, im\u00f3veis, pesados e servi\u00e7os. Temos seguro de vida e prestamista, com t\u00edtulo de capitaliza\u00e7\u00e3o concorrendo a R$ 10.000,00 semanais durante todo o plano.<\/p>\n<p>[\/et_pb_text][\/et_pb_column][et_pb_column type=&#8221;2_5&#8243; _builder_version=&#8221;4.11.1&#8243; _module_preset=&#8221;default&#8221; global_colors_info=&#8221;{}&#8221; theme_builder_area=&#8221;post_content&#8221;][et_pb_code module_id=&#8221;form-lead-tradicao&#8221; _builder_version=&#8221;4.13.1&#8243; _module_preset=&#8221;default&#8221; background_color=&#8221;#00427b&#8221; text_orientation=&#8221;center&#8221; width_tablet=&#8221;60%&#8221; width_phone=&#8221;100%&#8221; width_last_edited=&#8221;on|phone&#8221; custom_padding=&#8221;20px|20px|20px|20px|false|false&#8221; animation_style=&#8221;zoom&#8221; module_alignment_tablet=&#8221;center&#8221; module_alignment_phone=&#8221;&#8221; module_alignment_last_edited=&#8221;on|desktop&#8221; box_shadow_style=&#8221;preset4&#8243; global_colors_info=&#8221;{}&#8221; theme_builder_area=&#8221;post_content&#8221;]<\/p>\n<h2><!-- [et_pb_line_break_holder] -->  SIMULE AQUI O SEU CREDITO<!-- [et_pb_line_break_holder] --><\/h2>\n<p><!-- [et_pb_line_break_holder] --><div class=\"wpforms-container wpforms-container-full\" id=\"wpforms-816\"><form id=\"wpforms-form-816\" class=\"wpforms-validate wpforms-form wpforms-ajax-form\" data-formid=\"816\" method=\"post\" enctype=\"multipart\/form-data\" action=\"\/index.php\/wp-json\/wp\/v2\/pages\/562\" data-token=\"cb84499bacf4673c93364be9d9f8d1cd\"><noscript class=\"wpforms-error-noscript\">Ative o JavaScript no seu navegador para preencher este formul\u00e1rio.<\/noscript><div class=\"wpforms-field-container\"><div id=\"wpforms-816-field_1-container\" class=\"wpforms-field wpforms-field-select campos-form-lead wpforms-field-select-style-classic\" data-field-id=\"1\"><label class=\"wpforms-field-label wpforms-label-hide\" for=\"wpforms-816-field_1\">Tipo de cr\u00e9dito <span class=\"wpforms-required-label\">*<\/span><\/label><select id=\"wpforms-816-field_1\" class=\"wpforms-field-medium wpforms-field-required\" name=\"wpforms[fields][1]\" required=\"required\"><option value=\"\" class=\"placeholder\" disabled  selected='selected'>Tipo de Cr\u00e9dito<\/option><option value=\"Im\u00f3vel\" >Im\u00f3vel<\/option><option value=\"Autom\u00f3vel\" >Autom\u00f3vel<\/option><option value=\"Moto\" >Moto<\/option><option value=\"Caminh\u00e3o\" >Caminh\u00e3o<\/option><option value=\"Maquin\u00e1rio \" >Maquin\u00e1rio <\/option><option value=\"Capital Giro\" >Capital Giro<\/option><option value=\"Servi\u00e7os\" >Servi\u00e7os<\/option><\/select><\/div><div id=\"wpforms-816-field_2-container\" class=\"wpforms-field wpforms-field-name campos-form-lead\" data-field-id=\"2\"><label class=\"wpforms-field-label wpforms-label-hide\" for=\"wpforms-816-field_2\">Nome <span class=\"wpforms-required-label\">*<\/span><\/label><input type=\"text\" id=\"wpforms-816-field_2\" class=\"wpforms-field-medium wpforms-field-required\" name=\"wpforms[fields][2]\" placeholder=\"Nome Completo\" required><\/div><div id=\"wpforms-816-field_3-container\" class=\"wpforms-field wpforms-field-email campos-form-lead\" data-field-id=\"3\"><label class=\"wpforms-field-label wpforms-label-hide\" for=\"wpforms-816-field_3\">E-mail <span class=\"wpforms-required-label\">*<\/span><\/label><input type=\"email\" id=\"wpforms-816-field_3\" class=\"wpforms-field-medium wpforms-field-required\" name=\"wpforms[fields][3]\" placeholder=\"E-mail\" required><\/div><div id=\"wpforms-816-field_8-container\" class=\"wpforms-field wpforms-field-text campos-form-lead\" data-field-id=\"8\"><label class=\"wpforms-field-label wpforms-label-hide\" for=\"wpforms-816-field_8\">Telefone <span class=\"wpforms-required-label\">*<\/span><\/label><input type=\"text\" id=\"wpforms-816-field_8\" class=\"wpforms-field-medium wpforms-field-required wpforms-masked-input\" data-inputmask-mask=\"(99) 9999-9999[9]\" data-rule-empty-blanks=\"1\" name=\"wpforms[fields][8]\" placeholder=\"(00) 00000-0000\" required><\/div><div id=\"wpforms-816-field_9-container\" class=\"wpforms-field wpforms-field-text campos-form-lead\" data-field-id=\"9\"><label class=\"wpforms-field-label wpforms-label-hide\" for=\"wpforms-816-field_9\">Valor do Cr\u00e9dito <span class=\"wpforms-required-label\">*<\/span><\/label><input type=\"text\" id=\"wpforms-816-field_9\" class=\"wpforms-field-medium wpforms-field-required wpforms-masked-input\" data-inputmask-alias=\"currency\" name=\"wpforms[fields][9]\" placeholder=\"Valor do Cr\u00e9dito\" required><\/div><\/div><div class=\"wpforms-submit-container\"><input type=\"hidden\" name=\"wpforms[id]\" value=\"816\"><input type=\"hidden\" name=\"wpforms[author]\" value=\"1\"><button type=\"submit\" name=\"wpforms[submit]\" id=\"wpforms-submit-816\" class=\"wpforms-submit\" data-alt-text=\"Enviando...\" data-submit-text=\"Simular\" aria-live=\"assertive\" value=\"wpforms-submit\">Simular<\/button><img loading=\"lazy\" decoding=\"async\" src=\"https:\/\/creditosconfianca.com.br\/wp-content\/plugins\/wpforms\/assets\/images\/submit-spin.svg\" class=\"wpforms-submit-spinner\" style=\"display: none;\" width=\"26\" height=\"26\" alt=\"\"><\/div><\/form><\/div>  <!-- .wpforms-container -->[\/et_pb_code][\/et_pb_column][\/et_pb_row][et_pb_row disabled_on=&#8221;off|off|on&#8221; _builder_version=&#8221;4.13.1&#8243; _module_preset=&#8221;default&#8221; global_colors_info=&#8221;{}&#8221; theme_builder_area=&#8221;post_content&#8221;][et_pb_column type=&#8221;4_4&#8243; _builder_version=&#8221;4.13.1&#8243; _module_preset=&#8221;default&#8221; global_colors_info=&#8221;{}&#8221; theme_builder_area=&#8221;post_content&#8221;][et_pb_image src=&#8221;https:\/\/creditosconfianca.com.br\/wp-content\/uploads\/2022\/04\/familia-popando-junta.webp&#8221; title_text=&#8221;familia-popando-junta&#8221; align=&#8221;center&#8221; _builder_version=&#8221;4.13.1&#8243; _module_preset=&#8221;default&#8221; locked=&#8221;off&#8221; global_colors_info=&#8221;{}&#8221; theme_builder_area=&#8221;post_content&#8221;][\/et_pb_image][et_pb_text _builder_version=&#8221;4.11.1&#8243; _module_preset=&#8221;default&#8221; locked=&#8221;off&#8221; global_colors_info=&#8221;{}&#8221; theme_builder_area=&#8221;post_content&#8221;]<\/p>\n<p><strong>Mais de 19 anos de Tradi\u00e7\u00e3o<\/strong><\/p>\n<p>Proporcionamos a aquisi\u00e7\u00e3o de bens de consumo, livres de juros abusivos, facilitando o acesso a mais produtos de sua necessidade, com seguran\u00e7a, de forma transparente e justa.<\/p>\n<p>Comercializamos cotas de autom\u00f3veis, im\u00f3veis, pesados e servi\u00e7os. Temos seguro de vida e prestamista, com t\u00edtulo de capitaliza\u00e7\u00e3o concorrendo a R$ 10.000,00 semanais durante todo o plano.<\/p>\n<p>[\/et_pb_text][\/et_pb_column][\/et_pb_row][et_pb_row _builder_version=&#8221;4.11.0&#8243; _module_preset=&#8221;default&#8221; global_module=&#8221;481&#8243; global_colors_info=&#8221;{}&#8221; theme_builder_area=&#8221;post_content&#8221;][et_pb_column type=&#8221;4_4&#8243; _builder_version=&#8221;4.11.0&#8243; _module_preset=&#8221;default&#8221; global_colors_info=&#8221;{}&#8221; theme_builder_area=&#8221;post_content&#8221;][et_pb_button button_bg_color__hover=&#8221;#c18f3e&#8221; button_bg_color__hover_enabled=&#8221;on|hover&#8221; button_url=&#8221;@ET-DC@eyJkeW5hbWljIjp0cnVlLCJjb250ZW50IjoiaG9tZV91cmwiLCJzZXR0aW5ncyI6e319@&#8221; button_text=&#8221;Voltar&#8221; _builder_version=&#8221;4.11.1&#8243; _dynamic_attributes=&#8221;button_url&#8221; _module_preset=&#8221;default&#8221; global_colors_info=&#8221;{}&#8221; button_bg_enable_color__hover=&#8221;on&#8221; theme_builder_area=&#8221;post_content&#8221;][\/et_pb_button][\/et_pb_column][\/et_pb_row][\/et_pb_section]<\/p>\n","protected":false},"excerpt":{"rendered":"<p>Mais de 19 anos de Tradi\u00e7\u00e3o Proporcionamos a aquisi\u00e7\u00e3o de bens de consumo, livres de juros abusivos, facilitando o acesso a mais produtos de sua necessidade, com seguran\u00e7a, de forma transparente e justa. Comercializamos cotas de autom\u00f3veis, im\u00f3veis, pesados e servi\u00e7os. Temos seguro de vida e prestamista, com t\u00edtulo de capitaliza\u00e7\u00e3o concorrendo a R$ 10.000,00 [&hellip;]<\/p>\n","protected":false},"author":1,"featured_media":546,"parent":0,"menu_order":0,"comment_status":"closed","ping_status":"closed","template":"","meta":{"_et_pb_use_builder":"on","_et_pb_old_content":"<!-- wp:divi\/placeholder \/-->","_et_gb_content_width":"","footnotes":""},"class_list":["post-562","page","type-page","status-publish","has-post-thumbnail","hentry"],"yoast_head":"<!-- This site is optimized with the Yoast SEO plugin v27.5 - https:\/\/yoast.com\/product\/yoast-seo-wordpress\/ -->\n<title>Tradi\u00e7\u00e3o Cons\u00f3rcio - Parceiro Confian\u00e7a Cr\u00e9ditos<\/title>\n<meta name=\"description\" content=\"Comercializamos cotas de autom\u00f3veis, im\u00f3veis, pesados e servi\u00e7os. Temos atua\u00e7\u00e3o em territ\u00f3rio nacional com um coordenador em cada regi\u00e3o.\" \/>\n<meta name=\"robots\" content=\"index, follow, max-snippet:-1, max-image-preview:large, max-video-preview:-1\" \/>\n<link rel=\"canonical\" href=\"https:\/\/creditosconfianca.com.br\/index.php\/tradicao-consorcio\/\" \/>\n<meta property=\"og:locale\" content=\"pt_BR\" \/>\n<meta property=\"og:type\" content=\"article\" \/>\n<meta property=\"og:title\" content=\"Tradi\u00e7\u00e3o Cons\u00f3rcio - Parceiro Confian\u00e7a Cr\u00e9ditos\" \/>\n<meta property=\"og:description\" content=\"Comercializamos cotas de autom\u00f3veis, im\u00f3veis, pesados e servi\u00e7os. Temos atua\u00e7\u00e3o em territ\u00f3rio nacional com um coordenador em cada regi\u00e3o.\" \/>\n<meta property=\"og:url\" content=\"https:\/\/creditosconfianca.com.br\/index.php\/tradicao-consorcio\/\" \/>\n<meta property=\"og:site_name\" content=\"Confian\u00e7a Cr\u00e9ditos\" \/>\n<meta property=\"article:modified_time\" content=\"2022-04-29T19:18:55+00:00\" \/>\n<meta property=\"og:image\" content=\"https:\/\/creditosconfianca.com.br\/wp-content\/uploads\/2021\/10\/thumbs-parceiro-tradicao.png\" \/>\n\t<meta property=\"og:image:width\" content=\"200\" \/>\n\t<meta property=\"og:image:height\" content=\"200\" \/>\n\t<meta property=\"og:image:type\" content=\"image\/png\" \/>\n<meta name=\"twitter:card\" content=\"summary_large_image\" \/>\n<script type=\"application\/ld+json\" class=\"yoast-schema-graph\">{\"@context\":\"https:\\\/\\\/schema.org\",\"@graph\":[{\"@type\":\"WebPage\",\"@id\":\"https:\\\/\\\/creditosconfianca.com.br\\\/index.php\\\/tradicao-consorcio\\\/\",\"url\":\"https:\\\/\\\/creditosconfianca.com.br\\\/index.php\\\/tradicao-consorcio\\\/\",\"name\":\"Tradi\u00e7\u00e3o Cons\u00f3rcio - Parceiro Confian\u00e7a Cr\u00e9ditos\",\"isPartOf\":{\"@id\":\"https:\\\/\\\/creditosconfianca.com.br\\\/#website\"},\"primaryImageOfPage\":{\"@id\":\"https:\\\/\\\/creditosconfianca.com.br\\\/index.php\\\/tradicao-consorcio\\\/#primaryimage\"},\"image\":{\"@id\":\"https:\\\/\\\/creditosconfianca.com.br\\\/index.php\\\/tradicao-consorcio\\\/#primaryimage\"},\"thumbnailUrl\":\"https:\\\/\\\/creditosconfianca.com.br\\\/wp-content\\\/uploads\\\/2021\\\/10\\\/thumbs-parceiro-tradicao.png\",\"datePublished\":\"2021-10-04T01:40:24+00:00\",\"dateModified\":\"2022-04-29T19:18:55+00:00\",\"description\":\"Comercializamos cotas de autom\u00f3veis, im\u00f3veis, pesados e servi\u00e7os. Temos atua\u00e7\u00e3o em territ\u00f3rio nacional com um coordenador em cada regi\u00e3o.\",\"breadcrumb\":{\"@id\":\"https:\\\/\\\/creditosconfianca.com.br\\\/index.php\\\/tradicao-consorcio\\\/#breadcrumb\"},\"inLanguage\":\"pt-BR\",\"potentialAction\":[{\"@type\":\"ReadAction\",\"target\":[\"https:\\\/\\\/creditosconfianca.com.br\\\/index.php\\\/tradicao-consorcio\\\/\"]}]},{\"@type\":\"ImageObject\",\"inLanguage\":\"pt-BR\",\"@id\":\"https:\\\/\\\/creditosconfianca.com.br\\\/index.php\\\/tradicao-consorcio\\\/#primaryimage\",\"url\":\"https:\\\/\\\/creditosconfianca.com.br\\\/wp-content\\\/uploads\\\/2021\\\/10\\\/thumbs-parceiro-tradicao.png\",\"contentUrl\":\"https:\\\/\\\/creditosconfianca.com.br\\\/wp-content\\\/uploads\\\/2021\\\/10\\\/thumbs-parceiro-tradicao.png\",\"width\":200,\"height\":200},{\"@type\":\"BreadcrumbList\",\"@id\":\"https:\\\/\\\/creditosconfianca.com.br\\\/index.php\\\/tradicao-consorcio\\\/#breadcrumb\",\"itemListElement\":[{\"@type\":\"ListItem\",\"position\":1,\"name\":\"In\u00edcio\",\"item\":\"https:\\\/\\\/creditosconfianca.com.br\\\/\"},{\"@type\":\"ListItem\",\"position\":2,\"name\":\"Tradi\u00e7\u00e3o Cons\u00f3rcio\"}]},{\"@type\":\"WebSite\",\"@id\":\"https:\\\/\\\/creditosconfianca.com.br\\\/#website\",\"url\":\"https:\\\/\\\/creditosconfianca.com.br\\\/\",\"name\":\"Confian\u00e7a Cr\u00e9ditos\",\"description\":\"Voc\u00ea mais perto do seu sonho!\",\"potentialAction\":[{\"@type\":\"SearchAction\",\"target\":{\"@type\":\"EntryPoint\",\"urlTemplate\":\"https:\\\/\\\/creditosconfianca.com.br\\\/?s={search_term_string}\"},\"query-input\":{\"@type\":\"PropertyValueSpecification\",\"valueRequired\":true,\"valueName\":\"search_term_string\"}}],\"inLanguage\":\"pt-BR\"}]}<\/script>\n<!-- \/ Yoast SEO plugin. -->","yoast_head_json":{"title":"Tradi\u00e7\u00e3o Cons\u00f3rcio - Parceiro Confian\u00e7a Cr\u00e9ditos","description":"Comercializamos cotas de autom\u00f3veis, im\u00f3veis, pesados e servi\u00e7os. Temos atua\u00e7\u00e3o em territ\u00f3rio nacional com um coordenador em cada regi\u00e3o.","robots":{"index":"index","follow":"follow","max-snippet":"max-snippet:-1","max-image-preview":"max-image-preview:large","max-video-preview":"max-video-preview:-1"},"canonical":"https:\/\/creditosconfianca.com.br\/index.php\/tradicao-consorcio\/","og_locale":"pt_BR","og_type":"article","og_title":"Tradi\u00e7\u00e3o Cons\u00f3rcio - Parceiro Confian\u00e7a Cr\u00e9ditos","og_description":"Comercializamos cotas de autom\u00f3veis, im\u00f3veis, pesados e servi\u00e7os. Temos atua\u00e7\u00e3o em territ\u00f3rio nacional com um coordenador em cada regi\u00e3o.","og_url":"https:\/\/creditosconfianca.com.br\/index.php\/tradicao-consorcio\/","og_site_name":"Confian\u00e7a Cr\u00e9ditos","article_modified_time":"2022-04-29T19:18:55+00:00","og_image":[{"width":200,"height":200,"url":"https:\/\/creditosconfianca.com.br\/wp-content\/uploads\/2021\/10\/thumbs-parceiro-tradicao.png","type":"image\/png"}],"twitter_card":"summary_large_image","schema":{"@context":"https:\/\/schema.org","@graph":[{"@type":"WebPage","@id":"https:\/\/creditosconfianca.com.br\/index.php\/tradicao-consorcio\/","url":"https:\/\/creditosconfianca.com.br\/index.php\/tradicao-consorcio\/","name":"Tradi\u00e7\u00e3o Cons\u00f3rcio - Parceiro Confian\u00e7a Cr\u00e9ditos","isPartOf":{"@id":"https:\/\/creditosconfianca.com.br\/#website"},"primaryImageOfPage":{"@id":"https:\/\/creditosconfianca.com.br\/index.php\/tradicao-consorcio\/#primaryimage"},"image":{"@id":"https:\/\/creditosconfianca.com.br\/index.php\/tradicao-consorcio\/#primaryimage"},"thumbnailUrl":"https:\/\/creditosconfianca.com.br\/wp-content\/uploads\/2021\/10\/thumbs-parceiro-tradicao.png","datePublished":"2021-10-04T01:40:24+00:00","dateModified":"2022-04-29T19:18:55+00:00","description":"Comercializamos cotas de autom\u00f3veis, im\u00f3veis, pesados e servi\u00e7os. Temos atua\u00e7\u00e3o em territ\u00f3rio nacional com um coordenador em cada regi\u00e3o.","breadcrumb":{"@id":"https:\/\/creditosconfianca.com.br\/index.php\/tradicao-consorcio\/#breadcrumb"},"inLanguage":"pt-BR","potentialAction":[{"@type":"ReadAction","target":["https:\/\/creditosconfianca.com.br\/index.php\/tradicao-consorcio\/"]}]},{"@type":"ImageObject","inLanguage":"pt-BR","@id":"https:\/\/creditosconfianca.com.br\/index.php\/tradicao-consorcio\/#primaryimage","url":"https:\/\/creditosconfianca.com.br\/wp-content\/uploads\/2021\/10\/thumbs-parceiro-tradicao.png","contentUrl":"https:\/\/creditosconfianca.com.br\/wp-content\/uploads\/2021\/10\/thumbs-parceiro-tradicao.png","width":200,"height":200},{"@type":"BreadcrumbList","@id":"https:\/\/creditosconfianca.com.br\/index.php\/tradicao-consorcio\/#breadcrumb","itemListElement":[{"@type":"ListItem","position":1,"name":"In\u00edcio","item":"https:\/\/creditosconfianca.com.br\/"},{"@type":"ListItem","position":2,"name":"Tradi\u00e7\u00e3o Cons\u00f3rcio"}]},{"@type":"WebSite","@id":"https:\/\/creditosconfianca.com.br\/#website","url":"https:\/\/creditosconfianca.com.br\/","name":"Confian\u00e7a Cr\u00e9ditos","description":"Voc\u00ea mais perto do seu sonho!","potentialAction":[{"@type":"SearchAction","target":{"@type":"EntryPoint","urlTemplate":"https:\/\/creditosconfianca.com.br\/?s={search_term_string}"},"query-input":{"@type":"PropertyValueSpecification","valueRequired":true,"valueName":"search_term_string"}}],"inLanguage":"pt-BR"}]}},"_links":{"self":[{"href":"https:\/\/creditosconfianca.com.br\/index.php\/wp-json\/wp\/v2\/pages\/562","targetHints":{"allow":["GET"]}}],"collection":[{"href":"https:\/\/creditosconfianca.com.br\/index.php\/wp-json\/wp\/v2\/pages"}],"about":[{"href":"https:\/\/creditosconfianca.com.br\/index.php\/wp-json\/wp\/v2\/types\/page"}],"author":[{"embeddable":true,"href":"https:\/\/creditosconfianca.com.br\/index.php\/wp-json\/wp\/v2\/users\/1"}],"replies":[{"embeddable":true,"href":"https:\/\/creditosconfianca.com.br\/index.php\/wp-json\/wp\/v2\/comments?post=562"}],"version-history":[{"count":12,"href":"https:\/\/creditosconfianca.com.br\/index.php\/wp-json\/wp\/v2\/pages\/562\/revisions"}],"predecessor-version":[{"id":839,"href":"https:\/\/creditosconfianca.com.br\/index.php\/wp-json\/wp\/v2\/pages\/562\/revisions\/839"}],"wp:featuredmedia":[{"embeddable":true,"href":"https:\/\/creditosconfianca.com.br\/index.php\/wp-json\/wp\/v2\/media\/546"}],"wp:attachment":[{"href":"https:\/\/creditosconfianca.com.br\/index.php\/wp-json\/wp\/v2\/media?parent=562"}],"curies":[{"name":"wp","href":"https:\/\/api.w.org\/{rel}","templated":true}]}}