{"id":24,"date":"2021-08-30T12:53:29","date_gmt":"2021-08-30T15:53:29","guid":{"rendered":"https:\/\/creditosconfianca.com.br\/?page_id=24"},"modified":"2023-07-31T19:07:02","modified_gmt":"2023-07-31T22:07:02","slug":"contato","status":"publish","type":"page","link":"https:\/\/creditosconfianca.com.br\/index.php\/contato\/","title":{"rendered":"Contato"},"content":{"rendered":"<p>[et_pb_section fb_built=&#8221;1&#8243; _builder_version=&#8221;4.11.1&#8243; _module_preset=&#8221;default&#8221; background_color=&#8221;#232645&#8243; use_background_color_gradient=&#8221;on&#8221; background_color_gradient_start=&#8221;#c2a16d&#8221; background_color_gradient_end=&#8221;#232645&#8243; background_image=&#8221;https:\/\/creditosconfianca.com.br\/wp-content\/uploads\/2021\/10\/img-bg-contato.jpg&#8221; background_blend=&#8221;soft-light&#8221; global_colors_info=&#8221;{}&#8221;][et_pb_row _builder_version=&#8221;4.10.8&#8243; _module_preset=&#8221;default&#8221; global_colors_info=&#8221;{}&#8221;][et_pb_column type=&#8221;4_4&#8243; _builder_version=&#8221;4.10.8&#8243; _module_preset=&#8221;default&#8221; global_colors_info=&#8221;{}&#8221;][et_pb_text _builder_version=&#8221;4.11.1&#8243; _module_preset=&#8221;default&#8221; text_font=&#8221;Crimson Text|600||on|||||&#8221; text_text_color=&#8221;#FFFFFF&#8221; text_font_size=&#8221;48px&#8221; text_line_height=&#8221;40px&#8221; text_orientation=&#8221;center&#8221; custom_margin=&#8221;||10px||false|false&#8221; saved_tabs=&#8221;all&#8221; global_colors_info=&#8221;{}&#8221;]<\/p>\n<p>Contato<\/p>\n<p>[\/et_pb_text][et_pb_divider color=&#8221;#FFFFFF&#8221; divider_weight=&#8221;3px&#8221; _builder_version=&#8221;4.10.8&#8243; _module_preset=&#8221;default&#8221; width=&#8221;80px&#8221; module_alignment=&#8221;center&#8221; global_colors_info=&#8221;{}&#8221;][\/et_pb_divider][\/et_pb_column][\/et_pb_row][\/et_pb_section][et_pb_section fb_built=&#8221;1&#8243; admin_label=&#8221;Blog&#8221; _builder_version=&#8221;4.11.1&#8243; background_color=&#8221;#f4f4f4&#8243; bottom_divider_style=&#8221;asymmetric2&#8243; bottom_divider_color=&#8221;#232645&#8243; bottom_divider_flip=&#8221;horizontal&#8221; global_colors_info=&#8221;{}&#8221;][et_pb_row _builder_version=&#8221;4.10.8&#8243; _module_preset=&#8221;default&#8221; locked=&#8221;off&#8221; global_colors_info=&#8221;{}&#8221;][et_pb_column type=&#8221;4_4&#8243; _builder_version=&#8221;4.10.8&#8243; _module_preset=&#8221;default&#8221; global_colors_info=&#8221;{}&#8221;][et_pb_text _builder_version=&#8221;4.11.1&#8243; _module_preset=&#8221;default&#8221; text_font=&#8221;Crimson Text|600||on|||||&#8221; text_font_size=&#8221;36px&#8221; text_line_height=&#8221;40px&#8221; custom_margin=&#8221;||10px||false|false&#8221; text_orientation_tablet=&#8221;center&#8221; text_orientation_phone=&#8221;&#8221; text_orientation_last_edited=&#8221;on|phone&#8221; global_colors_info=&#8221;{}&#8221;]<\/p>\n<p>Fale conosco<\/p>\n<p>[\/et_pb_text][et_pb_divider divider_weight=&#8221;3px&#8221; _builder_version=&#8221;4.10.8&#8243; _module_preset=&#8221;default&#8221; width=&#8221;80px&#8221; module_alignment=&#8221;left&#8221; module_alignment_tablet=&#8221;center&#8221; module_alignment_phone=&#8221;&#8221; module_alignment_last_edited=&#8221;on|desktop&#8221; global_colors_info=&#8221;{}&#8221;][\/et_pb_divider][\/et_pb_column][\/et_pb_row][et_pb_row column_structure=&#8221;1_3,1_3,1_3&#8243; _builder_version=&#8221;3.25&#8243; background_size=&#8221;initial&#8221; background_position=&#8221;top_left&#8221; background_repeat=&#8221;repeat&#8221; global_colors_info=&#8221;{}&#8221;][et_pb_column type=&#8221;1_3&#8243; _builder_version=&#8221;3.25&#8243; custom_padding=&#8221;|||&#8221; global_colors_info=&#8221;{}&#8221; custom_padding__hover=&#8221;|||&#8221;][et_pb_text _builder_version=&#8221;4.10.8&#8243; _module_preset=&#8221;default&#8221; text_font=&#8221;|700|||||||&#8221; text_font_size=&#8221;20px&#8221; global_colors_info=&#8221;{}&#8221;]<\/p>\n<p>CONFIAN\u00c7A &#8211; BELO HORIZONTE<\/p>\n<p>[\/et_pb_text][et_pb_blurb title=&#8221;(31) 3090-3882&#8243; url=&#8221;https:\/\/api.whatsapp.com\/send?phone=553130903882&#8243; url_new_window=&#8221;on&#8221; image=&#8221;https:\/\/creditosconfianca.com.br\/wp-content\/uploads\/2021\/09\/whatsapp-azul.svg&#8221; icon_placement=&#8221;left&#8221; _builder_version=&#8221;4.13.0&#8243; _module_preset=&#8221;default&#8221; header_font=&#8221;Open Sans||||||||&#8221; body_font=&#8221;Open Sans|600|||||||&#8221; custom_margin=&#8221;||13px||false|false&#8221; global_colors_info=&#8221;{}&#8221;][\/et_pb_blurb][et_pb_blurb title=&#8221;Rua dos Guajajaras, 755 &#8211; Sala 502 &#8211; Centro &#8211; BH\/MG &#8211; 30.180-100&#8243; url=&#8221;https:\/\/goo.gl\/maps\/GsqYcjM7e8QDZBbf7&#8243; url_new_window=&#8221;on&#8221; image=&#8221;https:\/\/creditosconfianca.com.br\/wp-content\/uploads\/2021\/09\/location-azul.svg&#8221; icon_placement=&#8221;left&#8221; _builder_version=&#8221;4.13.0&#8243; _module_preset=&#8221;default&#8221; header_font=&#8221;Open Sans||||||||&#8221; header_line_height=&#8221;1.4em&#8221; body_font=&#8221;Open Sans|600|||||||&#8221; global_colors_info=&#8221;{}&#8221;][\/et_pb_blurb][et_pb_text _builder_version=&#8221;4.11.1&#8243; _module_preset=&#8221;default&#8221; global_colors_info=&#8221;{}&#8221;]<iframe src=\"https:\/\/www.google.com\/maps\/embed?pb=!1m18!1m12!1m3!1d3750.9792745190593!2d-43.94329158508548!3d-19.92527818660644!2m3!1f0!2f0!3f0!3m2!1i1024!2i768!4f13.1!3m3!1m2!1s0xa69539533de86f%3A0x62e6886554ef995b!2sConfian%C3%A7a%20Cons%C3%B3rcios!5e0!3m2!1spt-BR!2sbr!4v1632593619781!5m2!1spt-BR!2sbr\" width=\"600\" height=\"380\" style=\"border: 0;\" allowfullscreen=\"\" loading=\"lazy\"><\/iframe>[\/et_pb_text][\/et_pb_column][et_pb_column type=&#8221;1_3&#8243; _builder_version=&#8221;4.11.1&#8243; _module_preset=&#8221;default&#8221; global_colors_info=&#8221;{}&#8221;][et_pb_text _builder_version=&#8221;4.10.8&#8243; _module_preset=&#8221;default&#8221; text_font=&#8221;|700|||||||&#8221; text_font_size=&#8221;20px&#8221; global_colors_info=&#8221;{}&#8221;]<\/p>\n<p>CONFIAN\u00c7A &#8211; MONTES CLAROS<\/p>\n<p>[\/et_pb_text][et_pb_blurb title=&#8221;(38) 2100-1231&#8243; url=&#8221;https:\/\/api.whatsapp.com\/send?phone=553821001231&#8243; url_new_window=&#8221;on&#8221; image=&#8221;https:\/\/creditosconfianca.com.br\/wp-content\/uploads\/2021\/09\/whatsapp-azul.svg&#8221; icon_placement=&#8221;left&#8221; _builder_version=&#8221;4.13.1&#8243; _module_preset=&#8221;default&#8221; header_font=&#8221;Open Sans||||||||&#8221; body_font=&#8221;Open Sans|600|||||||&#8221; custom_margin=&#8221;||13px|||&#8221; hover_enabled=&#8221;0&#8243; locked=&#8221;off&#8221; global_colors_info=&#8221;{}&#8221; sticky_enabled=&#8221;0&#8243;][\/et_pb_blurb][et_pb_blurb title=&#8221;Av. Afonso Pena, 297 &#8211; Loja &#8211; Centro &#8211; Montes Claros\/MG &#8211; 39.400-077&#8243; url=&#8221;https:\/\/goo.gl\/maps\/cxdpuJ76zbphjr8fA&#8221; url_new_window=&#8221;on&#8221; image=&#8221;https:\/\/creditosconfianca.com.br\/wp-content\/uploads\/2021\/09\/location-azul.svg&#8221; icon_placement=&#8221;left&#8221; _builder_version=&#8221;4.13.0&#8243; _module_preset=&#8221;default&#8221; header_font=&#8221;Open Sans||||||||&#8221; header_line_height=&#8221;1.4em&#8221; body_font=&#8221;Open Sans|600|||||||&#8221; locked=&#8221;off&#8221; global_colors_info=&#8221;{}&#8221;][\/et_pb_blurb][et_pb_text _builder_version=&#8221;4.11.1&#8243; _module_preset=&#8221;default&#8221; global_colors_info=&#8221;{}&#8221;]<iframe src=\"https:\/\/www.google.com\/maps\/embed?pb=!1m18!1m12!1m3!1d3821.0407030108963!2d-43.86824940463385!3d-16.72482078864856!2m3!1f0!2f0!3f0!3m2!1i1024!2i768!4f13.1!3m3!1m2!1s0xab53560e364e11%3A0x905919cd1a69c9c4!2sAv.%20Afonso%20Pena%2C%20297%20-%20Centro%2C%20Montes%20Claros%20-%20MG%2C%2039400-098!5e0!3m2!1spt-BR!2sbr!4v1632593187063!5m2!1spt-BR!2sbr\" width=\"600\" height=\"380\" style=\"border: 0;\" allowfullscreen=\"\" loading=\"lazy\"><\/iframe>[\/et_pb_text][\/et_pb_column][et_pb_column type=&#8221;1_3&#8243; _builder_version=&#8221;4.11.1&#8243; _module_preset=&#8221;default&#8221; global_colors_info=&#8221;{}&#8221;][et_pb_code module_id=&#8221;form-contato&#8221; _builder_version=&#8221;4.12.1&#8243; _module_preset=&#8221;default&#8221; background_color=&#8221;#C2A16D&#8221; text_orientation=&#8221;center&#8221; width_tablet=&#8221;60%&#8221; width_phone=&#8221;100%&#8221; width_last_edited=&#8221;on|phone&#8221; custom_margin=&#8221;30px||||false|false&#8221; custom_padding=&#8221;20px|20px|20px|20px|false|false&#8221; animation_style=&#8221;zoom&#8221; module_alignment_tablet=&#8221;center&#8221; module_alignment_phone=&#8221;&#8221; module_alignment_last_edited=&#8221;on|desktop&#8221; box_shadow_style=&#8221;preset4&#8243; global_colors_info=&#8221;{}&#8221;]<\/p>\n<h2><!-- [et_pb_line_break_holder] -->  CONTATO<!-- [et_pb_line_break_holder] --><\/h2>\n<p><!-- [et_pb_line_break_holder] --><div class=\"wpforms-container wpforms-container-full\" id=\"wpforms-658\"><form id=\"wpforms-form-658\" class=\"wpforms-validate wpforms-form wpforms-ajax-form\" data-formid=\"658\" method=\"post\" enctype=\"multipart\/form-data\" action=\"\/index.php\/wp-json\/wp\/v2\/pages\/24\" data-token=\"afa9573125d15bc01f2eeef04b940675\"><noscript class=\"wpforms-error-noscript\">Ative o JavaScript no seu navegador para preencher este formul\u00e1rio.<\/noscript><div class=\"wpforms-field-container\"><div id=\"wpforms-658-field_2-container\" class=\"wpforms-field wpforms-field-name campos-form-lead\" data-field-id=\"2\"><label class=\"wpforms-field-label wpforms-label-hide\" for=\"wpforms-658-field_2\">Nome <span class=\"wpforms-required-label\">*<\/span><\/label><input type=\"text\" id=\"wpforms-658-field_2\" class=\"wpforms-field-medium wpforms-field-required\" name=\"wpforms[fields][2]\" placeholder=\"Nome Completo\" required><\/div><div id=\"wpforms-658-field_3-container\" class=\"wpforms-field wpforms-field-email campos-form-lead\" data-field-id=\"3\"><label class=\"wpforms-field-label wpforms-label-hide\" for=\"wpforms-658-field_3\">E-mail <span class=\"wpforms-required-label\">*<\/span><\/label><input type=\"email\" id=\"wpforms-658-field_3\" class=\"wpforms-field-medium wpforms-field-required\" name=\"wpforms[fields][3]\" placeholder=\"E-mail\" required><\/div><div id=\"wpforms-658-field_8-container\" class=\"wpforms-field wpforms-field-text campos-form-lead\" data-field-id=\"8\"><label class=\"wpforms-field-label wpforms-label-hide\" for=\"wpforms-658-field_8\">Telefone <span class=\"wpforms-required-label\">*<\/span><\/label><input type=\"text\" id=\"wpforms-658-field_8\" class=\"wpforms-field-medium wpforms-field-required wpforms-masked-input\" data-inputmask-mask=\"(99) 9999-9999[9]\" data-rule-empty-blanks=\"1\" name=\"wpforms[fields][8]\" placeholder=\"(00) 00000-0000\" required><\/div><div id=\"wpforms-658-field_10-container\" class=\"wpforms-field wpforms-field-textarea\" data-field-id=\"10\"><label class=\"wpforms-field-label wpforms-label-hide\" for=\"wpforms-658-field_10\">Mensagem <span class=\"wpforms-required-label\">*<\/span><\/label><textarea id=\"wpforms-658-field_10\" class=\"wpforms-field-medium wpforms-field-required\" name=\"wpforms[fields][10]\" placeholder=\"Mensagem\" required><\/textarea><\/div><\/div><div class=\"wpforms-submit-container\"><input type=\"hidden\" name=\"wpforms[id]\" value=\"658\"><input type=\"hidden\" name=\"wpforms[author]\" value=\"1\"><button type=\"submit\" name=\"wpforms[submit]\" id=\"wpforms-submit-658\" class=\"wpforms-submit\" data-alt-text=\"Enviando...\" data-submit-text=\"Enviar\" aria-live=\"assertive\" value=\"wpforms-submit\">Enviar<\/button><img loading=\"lazy\" decoding=\"async\" src=\"https:\/\/creditosconfianca.com.br\/wp-content\/plugins\/wpforms\/assets\/images\/submit-spin.svg\" class=\"wpforms-submit-spinner\" style=\"display: none;\" width=\"26\" height=\"26\" alt=\"\"><\/div><\/form><\/div>  <!-- .wpforms-container -->[\/et_pb_code][\/et_pb_column][\/et_pb_row][et_pb_row _builder_version=&#8221;4.11.0&#8243; _module_preset=&#8221;default&#8221; global_module=&#8221;481&#8243; global_colors_info=&#8221;{}&#8221;][et_pb_column type=&#8221;4_4&#8243; _builder_version=&#8221;4.11.0&#8243; _module_preset=&#8221;default&#8221; global_colors_info=&#8221;{}&#8221;][et_pb_button button_url=&#8221;@ET-DC@eyJkeW5hbWljIjp0cnVlLCJjb250ZW50IjoiaG9tZV91cmwiLCJzZXR0aW5ncyI6e319@&#8221; button_text=&#8221;Voltar&#8221; _builder_version=&#8221;4.11.1&#8243; _dynamic_attributes=&#8221;button_url&#8221; _module_preset=&#8221;default&#8221; global_colors_info=&#8221;{}&#8221; button_bg_color__hover_enabled=&#8221;on|hover&#8221; button_bg_color__hover=&#8221;#c18f3e&#8221; button_bg_enable_color__hover=&#8221;on&#8221;][\/et_pb_button][\/et_pb_column][\/et_pb_row][\/et_pb_section]<\/p>\n","protected":false},"excerpt":{"rendered":"<p>ContatoFale conoscoCONFIAN\u00c7A &#8211; BELO HORIZONTECONFIAN\u00c7A &#8211; MONTES CLAROS CONTATO<div class=\"wpforms-container wpforms-container-full\" id=\"wpforms-658\"><form id=\"wpforms-form-658\" class=\"wpforms-validate wpforms-form wpforms-ajax-form\" data-formid=\"658\" method=\"post\" enctype=\"multipart\/form-data\" action=\"\/index.php\/wp-json\/wp\/v2\/pages\/24\" data-token=\"afa9573125d15bc01f2eeef04b940675\"><noscript class=\"wpforms-error-noscript\">Ative o JavaScript no seu navegador para preencher este formul\u00e1rio.<\/noscript><div class=\"wpforms-field-container\"><div id=\"wpforms-658-field_2-container\" class=\"wpforms-field wpforms-field-name campos-form-lead\" data-field-id=\"2\"><label class=\"wpforms-field-label wpforms-label-hide\" for=\"wpforms-658-field_2\">Nome <span class=\"wpforms-required-label\">*<\/span><\/label><input type=\"text\" id=\"wpforms-658-field_2\" class=\"wpforms-field-medium wpforms-field-required\" name=\"wpforms[fields][2]\" placeholder=\"Nome Completo\" required><\/div><div id=\"wpforms-658-field_3-container\" class=\"wpforms-field wpforms-field-email campos-form-lead\" data-field-id=\"3\"><label class=\"wpforms-field-label wpforms-label-hide\" for=\"wpforms-658-field_3\">E-mail <span class=\"wpforms-required-label\">*<\/span><\/label><input type=\"email\" id=\"wpforms-658-field_3\" class=\"wpforms-field-medium wpforms-field-required\" name=\"wpforms[fields][3]\" placeholder=\"E-mail\" required><\/div><div id=\"wpforms-658-field_8-container\" class=\"wpforms-field wpforms-field-text campos-form-lead\" data-field-id=\"8\"><label class=\"wpforms-field-label wpforms-label-hide\" for=\"wpforms-658-field_8\">Telefone <span class=\"wpforms-required-label\">*<\/span><\/label><input type=\"text\" id=\"wpforms-658-field_8\" class=\"wpforms-field-medium wpforms-field-required wpforms-masked-input\" data-inputmask-mask=\"(99) 9999-9999[9]\" data-rule-empty-blanks=\"1\" name=\"wpforms[fields][8]\" placeholder=\"(00) 00000-0000\" required><\/div><div id=\"wpforms-658-field_10-container\" class=\"wpforms-field wpforms-field-textarea\" data-field-id=\"10\"><label class=\"wpforms-field-label wpforms-label-hide\" for=\"wpforms-658-field_10\">Mensagem <span class=\"wpforms-required-label\">*<\/span><\/label><textarea id=\"wpforms-658-field_10\" class=\"wpforms-field-medium wpforms-field-required\" name=\"wpforms[fields][10]\" placeholder=\"Mensagem\" required><\/textarea><\/div><\/div><div class=\"wpforms-submit-container\"><input type=\"hidden\" name=\"wpforms[id]\" value=\"658\"><input type=\"hidden\" name=\"wpforms[author]\" value=\"1\"><button type=\"submit\" name=\"wpforms[submit]\" id=\"wpforms-submit-658\" class=\"wpforms-submit\" data-alt-text=\"Enviando...\" data-submit-text=\"Enviar\" aria-live=\"assertive\" value=\"wpforms-submit\">Enviar<\/button><img loading=\"lazy\" decoding=\"async\" src=\"https:\/\/creditosconfianca.com.br\/wp-content\/plugins\/wpforms\/assets\/images\/submit-spin.svg\" class=\"wpforms-submit-spinner\" style=\"display: none;\" width=\"26\" height=\"26\" alt=\"\"><\/div><\/form><\/div>  <!-- .wpforms-container --><\/p>\n","protected":false},"author":1,"featured_media":0,"parent":0,"menu_order":0,"comment_status":"closed","ping_status":"closed","template":"","meta":{"_et_pb_use_builder":"on","_et_pb_old_content":"","_et_gb_content_width":"","footnotes":""},"class_list":["post-24","page","type-page","status-publish","hentry"],"yoast_head":"<!-- This site is optimized with the Yoast SEO plugin v27.3 - https:\/\/yoast.com\/product\/yoast-seo-wordpress\/ -->\n<title>Contato - Confian\u00e7a Cr\u00e9ditos<\/title>\n<meta name=\"robots\" content=\"index, follow, max-snippet:-1, max-image-preview:large, max-video-preview:-1\" \/>\n<link rel=\"canonical\" href=\"https:\/\/creditosconfianca.com.br\/index.php\/contato\/\" \/>\n<meta property=\"og:locale\" content=\"pt_BR\" \/>\n<meta property=\"og:type\" content=\"article\" \/>\n<meta property=\"og:title\" content=\"Contato - Confian\u00e7a Cr\u00e9ditos\" \/>\n<meta property=\"og:description\" content=\"ContatoFale conoscoCONFIAN\u00c7A - BELO HORIZONTECONFIAN\u00c7A - MONTES CLAROS CONTATO\" \/>\n<meta property=\"og:url\" content=\"https:\/\/creditosconfianca.com.br\/index.php\/contato\/\" \/>\n<meta property=\"og:site_name\" content=\"Confian\u00e7a Cr\u00e9ditos\" \/>\n<meta property=\"article:modified_time\" content=\"2023-07-31T22:07:02+00:00\" \/>\n<meta name=\"twitter:card\" content=\"summary_large_image\" \/>\n<meta name=\"twitter:label1\" content=\"Est. tempo de leitura\" \/>\n\t<meta name=\"twitter:data1\" content=\"4 minutos\" \/>\n<script type=\"application\/ld+json\" class=\"yoast-schema-graph\">{\"@context\":\"https:\\\/\\\/schema.org\",\"@graph\":[{\"@type\":\"WebPage\",\"@id\":\"https:\\\/\\\/creditosconfianca.com.br\\\/index.php\\\/contato\\\/\",\"url\":\"https:\\\/\\\/creditosconfianca.com.br\\\/index.php\\\/contato\\\/\",\"name\":\"Contato - Confian\u00e7a Cr\u00e9ditos\",\"isPartOf\":{\"@id\":\"https:\\\/\\\/creditosconfianca.com.br\\\/#website\"},\"datePublished\":\"2021-08-30T15:53:29+00:00\",\"dateModified\":\"2023-07-31T22:07:02+00:00\",\"breadcrumb\":{\"@id\":\"https:\\\/\\\/creditosconfianca.com.br\\\/index.php\\\/contato\\\/#breadcrumb\"},\"inLanguage\":\"pt-BR\",\"potentialAction\":[{\"@type\":\"ReadAction\",\"target\":[\"https:\\\/\\\/creditosconfianca.com.br\\\/index.php\\\/contato\\\/\"]}]},{\"@type\":\"BreadcrumbList\",\"@id\":\"https:\\\/\\\/creditosconfianca.com.br\\\/index.php\\\/contato\\\/#breadcrumb\",\"itemListElement\":[{\"@type\":\"ListItem\",\"position\":1,\"name\":\"In\u00edcio\",\"item\":\"https:\\\/\\\/creditosconfianca.com.br\\\/\"},{\"@type\":\"ListItem\",\"position\":2,\"name\":\"Contato\"}]},{\"@type\":\"WebSite\",\"@id\":\"https:\\\/\\\/creditosconfianca.com.br\\\/#website\",\"url\":\"https:\\\/\\\/creditosconfianca.com.br\\\/\",\"name\":\"Confian\u00e7a Cr\u00e9ditos\",\"description\":\"Voc\u00ea mais perto do seu sonho!\",\"potentialAction\":[{\"@type\":\"SearchAction\",\"target\":{\"@type\":\"EntryPoint\",\"urlTemplate\":\"https:\\\/\\\/creditosconfianca.com.br\\\/?s={search_term_string}\"},\"query-input\":{\"@type\":\"PropertyValueSpecification\",\"valueRequired\":true,\"valueName\":\"search_term_string\"}}],\"inLanguage\":\"pt-BR\"}]}<\/script>\n<!-- \/ Yoast SEO plugin. -->","yoast_head_json":{"title":"Contato - Confian\u00e7a Cr\u00e9ditos","robots":{"index":"index","follow":"follow","max-snippet":"max-snippet:-1","max-image-preview":"max-image-preview:large","max-video-preview":"max-video-preview:-1"},"canonical":"https:\/\/creditosconfianca.com.br\/index.php\/contato\/","og_locale":"pt_BR","og_type":"article","og_title":"Contato - Confian\u00e7a Cr\u00e9ditos","og_description":"ContatoFale conoscoCONFIAN\u00c7A - BELO HORIZONTECONFIAN\u00c7A - MONTES CLAROS CONTATO","og_url":"https:\/\/creditosconfianca.com.br\/index.php\/contato\/","og_site_name":"Confian\u00e7a Cr\u00e9ditos","article_modified_time":"2023-07-31T22:07:02+00:00","twitter_card":"summary_large_image","twitter_misc":{"Est. tempo de leitura":"4 minutos"},"schema":{"@context":"https:\/\/schema.org","@graph":[{"@type":"WebPage","@id":"https:\/\/creditosconfianca.com.br\/index.php\/contato\/","url":"https:\/\/creditosconfianca.com.br\/index.php\/contato\/","name":"Contato - Confian\u00e7a Cr\u00e9ditos","isPartOf":{"@id":"https:\/\/creditosconfianca.com.br\/#website"},"datePublished":"2021-08-30T15:53:29+00:00","dateModified":"2023-07-31T22:07:02+00:00","breadcrumb":{"@id":"https:\/\/creditosconfianca.com.br\/index.php\/contato\/#breadcrumb"},"inLanguage":"pt-BR","potentialAction":[{"@type":"ReadAction","target":["https:\/\/creditosconfianca.com.br\/index.php\/contato\/"]}]},{"@type":"BreadcrumbList","@id":"https:\/\/creditosconfianca.com.br\/index.php\/contato\/#breadcrumb","itemListElement":[{"@type":"ListItem","position":1,"name":"In\u00edcio","item":"https:\/\/creditosconfianca.com.br\/"},{"@type":"ListItem","position":2,"name":"Contato"}]},{"@type":"WebSite","@id":"https:\/\/creditosconfianca.com.br\/#website","url":"https:\/\/creditosconfianca.com.br\/","name":"Confian\u00e7a Cr\u00e9ditos","description":"Voc\u00ea mais perto do seu sonho!","potentialAction":[{"@type":"SearchAction","target":{"@type":"EntryPoint","urlTemplate":"https:\/\/creditosconfianca.com.br\/?s={search_term_string}"},"query-input":{"@type":"PropertyValueSpecification","valueRequired":true,"valueName":"search_term_string"}}],"inLanguage":"pt-BR"}]}},"_links":{"self":[{"href":"https:\/\/creditosconfianca.com.br\/index.php\/wp-json\/wp\/v2\/pages\/24","targetHints":{"allow":["GET"]}}],"collection":[{"href":"https:\/\/creditosconfianca.com.br\/index.php\/wp-json\/wp\/v2\/pages"}],"about":[{"href":"https:\/\/creditosconfianca.com.br\/index.php\/wp-json\/wp\/v2\/types\/page"}],"author":[{"embeddable":true,"href":"https:\/\/creditosconfianca.com.br\/index.php\/wp-json\/wp\/v2\/users\/1"}],"replies":[{"embeddable":true,"href":"https:\/\/creditosconfianca.com.br\/index.php\/wp-json\/wp\/v2\/comments?post=24"}],"version-history":[{"count":13,"href":"https:\/\/creditosconfianca.com.br\/index.php\/wp-json\/wp\/v2\/pages\/24\/revisions"}],"predecessor-version":[{"id":847,"href":"https:\/\/creditosconfianca.com.br\/index.php\/wp-json\/wp\/v2\/pages\/24\/revisions\/847"}],"wp:attachment":[{"href":"https:\/\/creditosconfianca.com.br\/index.php\/wp-json\/wp\/v2\/media?parent=24"}],"curies":[{"name":"wp","href":"https:\/\/api.w.org\/{rel}","templated":true}]}}